{"id":41183,"date":"2023-09-13T15:29:33","date_gmt":"2023-09-13T13:29:33","guid":{"rendered":"https:\/\/sboverseas.org\/?page_id=41183"},"modified":"2023-09-13T16:02:36","modified_gmt":"2023-09-13T14:02:36","slug":"s-o-s-libya","status":"publish","type":"page","link":"https:\/\/sboverseas.org\/fr\/s-o-s-libya\/","title":{"rendered":"S.O.S LIBYE"},"content":{"rendered":"<p>[et_pb_section fb_built=&#8221;1&#8243; fullwidth=&#8221;on&#8221; _builder_version=&#8221;4.20.4&#8243; _module_preset=&#8221;default&#8221; background_image=&#8221;https:\/\/sboverseas.org\/wp-content\/uploads\/2023\/09\/d85220553827486111d02ff0fff70e011f850457f2f314a56d70c734c58d60c5.jpg&#8221; global_colors_info=&#8221;{}&#8221;][et_pb_fullwidth_slider _builder_version=&#8221;4.20.4&#8243; _dynamic_attributes=&#8221;link_option_url&#8221; _module_preset=&#8221;default&#8221; header_font=&#8221;|700|||||||&#8221; header_font_size=&#8221;50px&#8221; header_letter_spacing=&#8221;3px&#8221; background_image=&#8221;https:\/\/sboverseas.org\/wp-content\/uploads\/2023\/09\/d85220553827486111d02ff0fff70e011f850457f2f314a56d70c734c58d60c5.jpg&#8221; custom_button=&#8221;on&#8221; button_text_color=&#8221;#FFFFFF&#8221; button_bg_color=&#8221;#0C71C3&#8243; button_border_color=&#8221;RGBA(255,255,255,0)&#8221; button_border_radius=&#8221;30px&#8221; min_height=&#8221;424.4px&#8221; custom_margin=&#8221;||-27px|||&#8221; custom_padding=&#8221;||217px|||&#8221; link_option_url=&#8221;@ET-DC@eyJkeW5hbWljIjp0cnVlLCJjb250ZW50IjoicG9zdF9saW5rX3VybF9naXZlX2Zvcm1zIiwic2V0dGluZ3MiOnsicG9zdF9pZCI6IjQxMTY4In19@&#8221; link_option_url_new_window=&#8221;on&#8221; header_text_shadow_style=&#8221;preset2&#8243; box_shadow_style_button=&#8221;preset1&#8243; global_colors_info=&#8221;{}&#8221;][et_pb_slide heading=&#8221;S.O.S Libya&#8221; button_text=&#8221;DONATE NOW&#8221; button_link=&#8221;@ET-DC@eyJkeW5hbWljIjp0cnVlLCJjb250ZW50IjoicG9zdF9saW5rX3VybF9naXZlX2Zvcm1zIiwic2V0dGluZ3MiOnsicG9zdF9pZCI6IjQxMTY4In19@&#8221; url_new_window=&#8221;on&#8221; _builder_version=&#8221;4.20.4&#8243; _dynamic_attributes=&#8221;button_link&#8221; _module_preset=&#8221;default&#8221; use_background_color_gradient=&#8221;on&#8221; background_color_gradient_direction=&#8221;201deg&#8221; background_color_gradient_stops=&#8221;rgba(255,255,255,0) 25%|#000000 100%&#8221; background_color_gradient_overlays_image=&#8221;on&#8221; background_image=&#8221;https:\/\/sboverseas.org\/wp-content\/uploads\/2023\/09\/d85220553827486111d02ff0fff70e011f850457f2f314a56d70c734c58d60c5.jpg&#8221; custom_button=&#8221;on&#8221; button_text_size=&#8221;21px&#8221; button_bg_color=&#8221;#0C71C3&#8243; button_font=&#8221;|700|||||||&#8221; button_alignment=&#8221;center&#8221; link_option_url=&#8221;https:\/\/sboverseas.org\/fr\/donations\/sos-maroc\/&#8221; global_colors_info=&#8221;{%22gcid-17b18b4a-922b-4410-8423-bad4b22a15a4%22:%91%22background_color_gradient_stops%22%93}&#8221; sticky_transition=&#8221;on&#8221;][\/et_pb_slide][\/et_pb_fullwidth_slider][\/et_pb_section][et_pb_section fb_built=&#8221;1&#8243; _builder_version=&#8221;4.20.4&#8243; _module_preset=&#8221;default&#8221; background_image=&#8221;https:\/\/sboverseas.org\/wp-content\/uploads\/2021\/12\/2.jpg&#8221; custom_padding=&#8221;||65px|||&#8221; global_colors_info=&#8221;{}&#8221;][et_pb_row _builder_version=&#8221;4.20.4&#8243; _module_preset=&#8221;default&#8221; global_colors_info=&#8221;{}&#8221;][et_pb_column type=&#8221;4_4&#8243; _builder_version=&#8221;4.20.4&#8243; _module_preset=&#8221;default&#8221; global_colors_info=&#8221;{}&#8221;][et_pb_post_title author=&#8221;off&#8221; comments=&#8221;off&#8221; featured_image=&#8221;off&#8221; _builder_version=&#8221;4.20.4&#8243; _module_preset=&#8221;default&#8221; title_font=&#8221;Aboreto|700|||||||&#8221; global_colors_info=&#8221;{}&#8221;][\/et_pb_post_title][\/et_pb_column][\/et_pb_row][et_pb_row column_structure=&#8221;1_4,1_2,1_4&#8243; _builder_version=&#8221;4.19.4&#8243; _module_preset=&#8221;default&#8221; global_colors_info=&#8221;{}&#8221;][et_pb_column type=&#8221;1_4&#8243; _builder_version=&#8221;4.19.4&#8243; _module_preset=&#8221;default&#8221; global_colors_info=&#8221;{}&#8221;][\/et_pb_column][et_pb_column type=&#8221;1_2&#8243; _builder_version=&#8221;4.19.4&#8243; _module_preset=&#8221;default&#8221; global_colors_info=&#8221;{}&#8221;][et_pb_text _builder_version=&#8221;4.20.4&#8243; _module_preset=&#8221;default&#8221; width=&#8221;130.7%&#8221; custom_margin=&#8221;|-22px||-57px||&#8221; custom_padding=&#8221;|0px||24px||&#8221; global_colors_info=&#8221;{}&#8221;]<\/p>\n<p style=\"text-align: justify;\" class=\"translation-block\"><strong>En Libye, dans la nuit du 10 au 11 septembre 2023, les inondations provoqu\u00e9es par la temp\u00eate Daniel ont caus\u00e9 la mort de plus de 5 000 personnes, dans la ville de Derna. Ces inondations ont \u00e9galement faits plus de 700 bless\u00e9s et 10 000 personnes sont toujours port\u00e9es disparues. Un quart de la ville a \u00e9t\u00e9 emport\u00e9e par les eaux qui, en tout, ont touch\u00e9 plus de 1.8 millions d'individu\u00b7es <\/strong><\/p>\n<p style=\"text-align: justify;\"><strong>Les besoins humanitaires d\u00e9passent les capacit\u00e9s du Croissant-Rouge libyen ou du gouvernement. Une nouvelle fois, la mobilisation internationale et citoyenne est cruciale pour venir en aide \u00e0 ceux et celles touch\u00e9es par cette catastrophe.<\/strong><\/p>\n<p>[\/et_pb_text][et_pb_text _builder_version=&#8221;4.20.4&#8243; _module_preset=&#8221;default&#8221; width=&#8221;130.7%&#8221; custom_margin=&#8221;|-22px||-57px||&#8221; custom_padding=&#8221;|0px||24px||&#8221; global_colors_info=&#8221;{}&#8221;]<\/p>\n<p style=\"text-align: justify;\">Source: <span>OCHA (reliefweb) ; Euronews ; Le Monde ; United Nations<\/span><\/p>\n<p style=\"text-align: justify;\">Beeldbron: Persbureau van de Libische premier - AFP<\/p>\n<p>[\/et_pb_text][\/et_pb_column][et_pb_column type=&#8221;1_4&#8243; _builder_version=&#8221;4.19.4&#8243; _module_preset=&#8221;default&#8221; global_colors_info=&#8221;{}&#8221;][\/et_pb_column][\/et_pb_row][et_pb_row column_structure=&#8221;1_5,3_5,1_5&#8243; _builder_version=&#8221;4.20.4&#8243; _module_preset=&#8221;default&#8221; global_colors_info=&#8221;{}&#8221;][et_pb_column type=&#8221;1_5&#8243; _builder_version=&#8221;4.19.4&#8243; _module_preset=&#8221;default&#8221; global_colors_info=&#8221;{}&#8221;][\/et_pb_column][et_pb_column type=&#8221;3_5&#8243; _builder_version=&#8221;4.19.4&#8243; _module_preset=&#8221;default&#8221; global_colors_info=&#8221;{}&#8221;][et_pb_image src=&#8221;https:\/\/sboverseas.org\/wp-content\/uploads\/2023\/09\/891a6c549b591d87316d0b4653ce410d5eed13594f74a419cd68c5a430649465.jpg&#8221; title_text=&#8221;LIBYA-WEATHER-FLOODS&#8221; _builder_version=&#8221;4.20.4&#8243; _module_preset=&#8221;default&#8221; global_colors_info=&#8221;{}&#8221;][\/et_pb_image][et_pb_text _builder_version=&#8221;4.20.4&#8243; _module_preset=&#8221;default&#8221; locked=&#8221;off&#8221; global_colors_info=&#8221;{}&#8221;]<\/p>\n<p class=\"source\">Cr\u00e9dit Photo : AFP<\/p>\n<p>[\/et_pb_text][et_pb_divider _builder_version=&#8221;4.19.5&#8243; _module_preset=&#8221;default&#8221; global_colors_info=&#8221;{}&#8221;][\/et_pb_divider][et_pb_text _builder_version=&#8221;4.20.4&#8243; _module_preset=&#8221;default&#8221; header_font=&#8221;Aboreto|700|||||||&#8221; global_colors_info=&#8221;{}&#8221;]<\/p>\n<h1><strong>SB Overseas sur le terrain - Intervention d\u2019urgence<\/strong><\/h1>\n<p><strong><\/strong><\/p>\n<p>[\/et_pb_text][et_pb_text _builder_version=&#8221;4.20.4&#8243; _module_preset=&#8221;default&#8221; text_font=&#8221;|700|||||||&#8221; global_colors_info=&#8221;{}&#8221;]<\/p>\n<p style=\"text-align: justify;\"><strong style=\"font-size: 14px;\">Aide humanitaire :<\/strong><span style=\"font-size: 14px;\"><\/span><\/p>\n<p style=\"text-align: justify;\"><strong>Il est essentiel que la communaut\u00e9 internationale se mobilise pour soutenir les individu\u00b7es victimes de ce d\u00e9sastre naturel. Les besoins sont colossaux, allant de l\u2019aide m\u00e9dicale d\u2019urgence, des produits d\u2019hygi\u00e8ne (pour femmes, lingettes pour b\u00e9b\u00e9s) et de nourriture (conserves alimentaires, lait en poudre pour b\u00e9b\u00e9)  \u00e0 l\u2019aide au logement temporaire et aux abris (couverture, tentes, lits de camp, etc.).<\/strong><\/p>\n<p style=\"text-align: justify;\">\n<p>[\/et_pb_text][et_pb_text _builder_version=&#8221;4.20.4&#8243; _module_preset=&#8221;default&#8221; text_font=&#8221;|700|||||||&#8221; global_colors_info=&#8221;{}&#8221;]<\/p>\n<p style=\"text-align: justify;\"><strong>Votre soutien n\u2019a pas de prix et fera une diff\u00e9rence significative.<\/strong><\/p>\n<p>[\/et_pb_text][et_pb_image src=&#8221;https:\/\/sboverseas.org\/wp-content\/uploads\/2023\/09\/AIDE-durgence-2.png&#8221; alt=&#8221;enfant parmi les d\u00e9combres&#8221; title_text=&#8221;AIDE d&#8217;urgence-2&#8243; _builder_version=&#8221;4.20.4&#8243; _module_preset=&#8221;default&#8221; box_shadow_style=&#8221;preset1&#8243; global_colors_info=&#8221;{}&#8221;][\/et_pb_image][\/et_pb_column][et_pb_column type=&#8221;1_5&#8243; _builder_version=&#8221;4.19.4&#8243; _module_preset=&#8221;default&#8221; global_colors_info=&#8221;{}&#8221;][\/et_pb_column][\/et_pb_row][et_pb_row column_structure=&#8221;2_3,1_3&#8243; _builder_version=&#8221;4.20.4&#8243; _module_preset=&#8221;default&#8221; background_color=&#8221;#3281c1&#8243; custom_padding=&#8221;||3px|||&#8221; border_radii=&#8221;on|18px|18px|18px|18px&#8221; global_colors_info=&#8221;{}&#8221;][et_pb_column type=&#8221;2_3&#8243; _builder_version=&#8221;4.19.5&#8243; _module_preset=&#8221;default&#8221; global_colors_info=&#8221;{}&#8221;][et_pb_text _builder_version=&#8221;4.20.4&#8243; _module_preset=&#8221;default&#8221; text_text_color=&#8221;#FFFFFF&#8221; header_2_font=&#8221;|600|||||||&#8221; header_2_text_color=&#8221;#FFFFFF&#8221; header_2_font_size=&#8221;41px&#8221; width=&#8221;100%&#8221; custom_margin=&#8221;||43px|33px||&#8221; global_colors_info=&#8221;{}&#8221;]<\/p>\n<h2 style=\"text-align: left; padding-left: 40px;\">Faire un Don<\/h2>\n<p style=\"padding-left: 40px; text-align: left;\">Aidez \u00e0 envoyer les premiers soins de secours aux victimes des inondations en Libye.<\/p>\n<p>[\/et_pb_text][\/et_pb_column][et_pb_column type=&#8221;1_3&#8243; _builder_version=&#8221;4.20.4&#8243; _module_preset=&#8221;default&#8221; global_colors_info=&#8221;{}&#8221;][et_pb_button button_url=&#8221;@ET-DC@eyJkeW5hbWljIjp0cnVlLCJjb250ZW50IjoicG9zdF9saW5rX3VybF9naXZlX2Zvcm1zIiwic2V0dGluZ3MiOnsicG9zdF9pZCI6IjQxMTY4In19@&#8221; url_new_window=&#8221;on&#8221; button_text=&#8221;Give Today&#8221; _builder_version=&#8221;4.20.4&#8243; _dynamic_attributes=&#8221;button_url&#8221; _module_preset=&#8221;default&#8221; custom_button=&#8221;on&#8221; button_text_color=&#8221;#0C71C3&#8243; button_bg_color=&#8221;#FFFFFF&#8221; button_border_radius=&#8221;10px&#8221; positioning=&#8221;relative&#8221; vertical_offset=&#8221;27px&#8221; horizontal_offset=&#8221;-6px&#8221; vertical_offset_tablet=&#8221;-38px&#8221; vertical_offset_phone=&#8221;-38px&#8221; vertical_offset_last_edited=&#8221;on|phone&#8221; horizontal_offset_tablet=&#8221;-6px&#8221; horizontal_offset_phone=&#8221;-6px&#8221; horizontal_offset_last_edited=&#8221;on|desktop&#8221; position_origin_a_tablet=&#8221;&#8221; position_origin_a_phone=&#8221;&#8221; position_origin_a_last_edited=&#8221;on|desktop&#8221; position_origin_f_tablet=&#8221;&#8221; position_origin_f_phone=&#8221;&#8221; position_origin_f_last_edited=&#8221;on|desktop&#8221; position_origin_r_tablet=&#8221;&#8221; position_origin_r_phone=&#8221;&#8221; position_origin_r_last_edited=&#8221;on|phone&#8221; background_layout=&#8221;dark&#8221; positioning_tablet=&#8221;relative&#8221; positioning_phone=&#8221;relative&#8221; positioning_last_edited=&#8221;on|desktop&#8221; global_colors_info=&#8221;{}&#8221;][\/et_pb_button][\/et_pb_column][\/et_pb_row][\/et_pb_section]<\/p>","protected":false},"excerpt":{"rendered":"<p>During the nights of September the 10th &amp; 11th of September 2023 in Libya, storm Daniel caused catastrophic flooding caused claiming the lives of over 5,000 people in the city of Derna. More than 700 people were injured, and 10,000 are still missing. A quarter of the city was swept away by the waters, which [&hellip;]<\/p>","protected":false},"author":5,"featured_media":0,"parent":0,"menu_order":0,"comment_status":"closed","ping_status":"closed","template":"","meta":{"_et_pb_use_builder":"on","_et_pb_old_content":"","_et_gb_content_width":"","footnotes":""},"class_list":["post-41183","page","type-page","status-publish","hentry"],"yoast_head":"<!-- This site is optimized with the Yoast SEO plugin v25.2 - https:\/\/yoast.com\/wordpress\/plugins\/seo\/ -->\n<title>S.O.S Libya - SBO - D\u00e9veloppement Durable &amp; Aide Humanitaire<\/title>\n<meta name=\"robots\" content=\"index, follow, max-snippet:-1, max-image-preview:large, max-video-preview:-1\" \/>\n<link rel=\"canonical\" href=\"https:\/\/sboverseas.org\/fr\/s-o-s-libya\/\" \/>\n<meta property=\"og:locale\" content=\"fr_FR\" \/>\n<meta property=\"og:type\" content=\"article\" \/>\n<meta property=\"og:title\" content=\"S.O.S Libya - SBO - D\u00e9veloppement Durable &amp; Aide Humanitaire\" \/>\n<meta property=\"og:description\" content=\"During the nights of September the 10th &amp; 11th of September 2023 in Libya, storm Daniel caused catastrophic flooding caused claiming the lives of over 5,000 people in the city of Derna. More than 700 people were injured, and 10,000 are still missing. A quarter of the city was swept away by the waters, which [&hellip;]\" \/>\n<meta property=\"og:url\" content=\"https:\/\/sboverseas.org\/fr\/s-o-s-libya\/\" \/>\n<meta property=\"og:site_name\" content=\"SBO - D\u00e9veloppement Durable &amp; Aide Humanitaire\" \/>\n<meta property=\"article:modified_time\" content=\"2023-09-13T14:02:36+00:00\" \/>\n<meta name=\"twitter:card\" content=\"summary_large_image\" \/>\n<meta name=\"twitter:label1\" content=\"Dur\u00e9e de lecture est.\" \/>\n\t<meta name=\"twitter:data1\" content=\"6 minutes\" \/>\n<script type=\"application\/ld+json\" class=\"yoast-schema-graph\">{\"@context\":\"https:\/\/schema.org\",\"@graph\":[{\"@type\":\"WebPage\",\"@id\":\"https:\/\/sboverseas.org\/fr\/s-o-s-libya\/\",\"url\":\"https:\/\/sboverseas.org\/fr\/s-o-s-libya\/\",\"name\":\"S.O.S Libya - SBO - D\u00e9veloppement Durable &amp; Aide Humanitaire\",\"isPartOf\":{\"@id\":\"https:\/\/sboverseas.org\/#website\"},\"datePublished\":\"2023-09-13T13:29:33+00:00\",\"dateModified\":\"2023-09-13T14:02:36+00:00\",\"inLanguage\":\"fr-BE\",\"potentialAction\":[{\"@type\":\"ReadAction\",\"target\":[\"https:\/\/sboverseas.org\/fr\/s-o-s-libya\/\"]}]},{\"@type\":\"WebSite\",\"@id\":\"https:\/\/sboverseas.org\/#website\",\"url\":\"https:\/\/sboverseas.org\/\",\"name\":\"SBO - D\u00e9veloppement Durable &amp; Aide Humanitaire\",\"description\":\"Give Hope\",\"potentialAction\":[{\"@type\":\"SearchAction\",\"target\":{\"@type\":\"EntryPoint\",\"urlTemplate\":\"https:\/\/sboverseas.org\/?s={search_term_string}\"},\"query-input\":{\"@type\":\"PropertyValueSpecification\",\"valueRequired\":true,\"valueName\":\"search_term_string\"}}],\"inLanguage\":\"fr-BE\"}]}<\/script>\n<!-- \/ Yoast SEO plugin. -->","yoast_head_json":{"title":"S.O.S Libya - SBO - D\u00e9veloppement Durable &amp; Aide Humanitaire","robots":{"index":"index","follow":"follow","max-snippet":"max-snippet:-1","max-image-preview":"max-image-preview:large","max-video-preview":"max-video-preview:-1"},"canonical":"https:\/\/sboverseas.org\/fr\/s-o-s-libya\/","og_locale":"fr_FR","og_type":"article","og_title":"S.O.S Libya - SBO - D\u00e9veloppement Durable &amp; Aide Humanitaire","og_description":"During the nights of September the 10th &amp; 11th of September 2023 in Libya, storm Daniel caused catastrophic flooding caused claiming the lives of over 5,000 people in the city of Derna. More than 700 people were injured, and 10,000 are still missing. A quarter of the city was swept away by the waters, which [&hellip;]","og_url":"https:\/\/sboverseas.org\/fr\/s-o-s-libya\/","og_site_name":"SBO - D\u00e9veloppement Durable &amp; Aide Humanitaire","article_modified_time":"2023-09-13T14:02:36+00:00","twitter_card":"summary_large_image","twitter_misc":{"Dur\u00e9e de lecture est.":"6 minutes"},"schema":{"@context":"https:\/\/schema.org","@graph":[{"@type":"WebPage","@id":"https:\/\/sboverseas.org\/fr\/s-o-s-libya\/","url":"https:\/\/sboverseas.org\/fr\/s-o-s-libya\/","name":"S.O.S Libya - SBO - D\u00e9veloppement Durable &amp; Aide Humanitaire","isPartOf":{"@id":"https:\/\/sboverseas.org\/#website"},"datePublished":"2023-09-13T13:29:33+00:00","dateModified":"2023-09-13T14:02:36+00:00","inLanguage":"fr-BE","potentialAction":[{"@type":"ReadAction","target":["https:\/\/sboverseas.org\/fr\/s-o-s-libya\/"]}]},{"@type":"WebSite","@id":"https:\/\/sboverseas.org\/#website","url":"https:\/\/sboverseas.org\/","name":"SBO - D\u00e9veloppement Durable &amp; Aide Humanitaire","description":"Give Hope","potentialAction":[{"@type":"SearchAction","target":{"@type":"EntryPoint","urlTemplate":"https:\/\/sboverseas.org\/?s={search_term_string}"},"query-input":{"@type":"PropertyValueSpecification","valueRequired":true,"valueName":"search_term_string"}}],"inLanguage":"fr-BE"}]}},"_links":{"self":[{"href":"https:\/\/sboverseas.org\/fr\/wp-json\/wp\/v2\/pages\/41183","targetHints":{"allow":["GET"]}}],"collection":[{"href":"https:\/\/sboverseas.org\/fr\/wp-json\/wp\/v2\/pages"}],"about":[{"href":"https:\/\/sboverseas.org\/fr\/wp-json\/wp\/v2\/types\/page"}],"author":[{"embeddable":true,"href":"https:\/\/sboverseas.org\/fr\/wp-json\/wp\/v2\/users\/5"}],"replies":[{"embeddable":true,"href":"https:\/\/sboverseas.org\/fr\/wp-json\/wp\/v2\/comments?post=41183"}],"version-history":[{"count":8,"href":"https:\/\/sboverseas.org\/fr\/wp-json\/wp\/v2\/pages\/41183\/revisions"}],"predecessor-version":[{"id":41197,"href":"https:\/\/sboverseas.org\/fr\/wp-json\/wp\/v2\/pages\/41183\/revisions\/41197"}],"wp:attachment":[{"href":"https:\/\/sboverseas.org\/fr\/wp-json\/wp\/v2\/media?parent=41183"}],"curies":[{"name":"wp","href":"https:\/\/api.w.org\/{rel}","templated":true}]}}