{"id":41123,"date":"2023-09-11T17:56:13","date_gmt":"2023-09-11T15:56:13","guid":{"rendered":"https:\/\/sboverseas.org\/?p=41123"},"modified":"2023-09-13T09:59:55","modified_gmt":"2023-09-13T07:59:55","slug":"sos-morocco","status":"publish","type":"page","link":"https:\/\/sboverseas.org\/fr\/sos-morocco\/","title":{"rendered":"S.O.S MAROC"},"content":{"rendered":"<p>[et_pb_section fb_built=&#8221;1&#8243; fullwidth=&#8221;on&#8221; _builder_version=&#8221;4.20.4&#8243; _module_preset=&#8221;default&#8221; global_colors_info=&#8221;{}&#8221;][et_pb_fullwidth_slider _builder_version=&#8221;4.20.4&#8243; _dynamic_attributes=&#8221;background_image,link_option_url&#8221; _module_preset=&#8221;default&#8221; header_font=&#8221;|700|||||||&#8221; header_font_size=&#8221;50px&#8221; header_letter_spacing=&#8221;3px&#8221; background_image=&#8221;@ET-DC@eyJkeW5hbWljIjp0cnVlLCJjb250ZW50IjoicG9zdF9mZWF0dXJlZF9pbWFnZSIsInNldHRpbmdzIjp7fX0=@&#8221; custom_button=&#8221;on&#8221; button_text_color=&#8221;#FFFFFF&#8221; button_bg_color=&#8221;#0C71C3&#8243; button_border_color=&#8221;RGBA(255,255,255,0)&#8221; button_border_radius=&#8221;30px&#8221; min_height=&#8221;424.4px&#8221; custom_margin=&#8221;||-27px|||&#8221; custom_padding=&#8221;||217px|||&#8221; link_option_url=&#8221;@ET-DC@eyJkeW5hbWljIjp0cnVlLCJjb250ZW50IjoicG9zdF9saW5rX3VybF9naXZlX2Zvcm1zIiwic2V0dGluZ3MiOnsicG9zdF9pZCI6IjQxMTY4In19@&#8221; link_option_url_new_window=&#8221;on&#8221; hover_enabled=&#8221;0&#8243; header_text_shadow_style=&#8221;preset2&#8243; box_shadow_style_button=&#8221;preset1&#8243; global_colors_info=&#8221;{}&#8221; sticky_enabled=&#8221;0&#8243;][et_pb_slide heading=&#8221;S.O.S Morocco &#8221; button_text=&#8221;DONATE NOW&#8221; button_link=&#8221;@ET-DC@eyJkeW5hbWljIjp0cnVlLCJjb250ZW50IjoicG9zdF9saW5rX3VybF9naXZlX2Zvcm1zIiwic2V0dGluZ3MiOnsicG9zdF9pZCI6IjQxMTY4In19@&#8221; url_new_window=&#8221;on&#8221; _builder_version=&#8221;4.20.4&#8243; _dynamic_attributes=&#8221;button_link&#8221; _module_preset=&#8221;default&#8221; background_image=&#8221;https:\/\/sboverseas.org\/wp-content\/uploads\/2023\/09\/AFP-TM.jpg&#8221; custom_button=&#8221;on&#8221; button_text_size=&#8221;21px&#8221; button_bg_color=&#8221;#0C71C3&#8243; button_font=&#8221;|700|||||||&#8221; button_alignment=&#8221;center&#8221; hover_enabled=&#8221;0&#8243; global_colors_info=&#8221;{}&#8221; sticky_transition=&#8221;on&#8221; link_option_url=&#8221;https:\/\/sboverseas.org\/fr\/donations\/sos-maroc\/&#8221; sticky_enabled=&#8221;0&#8243;][\/et_pb_slide][\/et_pb_fullwidth_slider][\/et_pb_section][et_pb_section fb_built=&#8221;1&#8243; _builder_version=&#8221;4.20.4&#8243; _module_preset=&#8221;default&#8221; background_image=&#8221;https:\/\/sboverseas.org\/wp-content\/uploads\/2021\/12\/2.jpg&#8221; custom_padding=&#8221;||65px|||&#8221; global_colors_info=&#8221;{}&#8221;][et_pb_row _builder_version=&#8221;4.20.4&#8243; _module_preset=&#8221;default&#8221; global_colors_info=&#8221;{}&#8221;][et_pb_column type=&#8221;4_4&#8243; _builder_version=&#8221;4.20.4&#8243; _module_preset=&#8221;default&#8221; global_colors_info=&#8221;{}&#8221;][et_pb_post_title author=&#8221;off&#8221; comments=&#8221;off&#8221; featured_image=&#8221;off&#8221; _builder_version=&#8221;4.20.4&#8243; _module_preset=&#8221;default&#8221; title_font=&#8221;Aboreto|700|||||||&#8221; global_colors_info=&#8221;{}&#8221;][\/et_pb_post_title][\/et_pb_column][\/et_pb_row][et_pb_row column_structure=&#8221;1_4,1_2,1_4&#8243; _builder_version=&#8221;4.19.4&#8243; _module_preset=&#8221;default&#8221; global_colors_info=&#8221;{}&#8221;][et_pb_column type=&#8221;1_4&#8243; _builder_version=&#8221;4.19.4&#8243; _module_preset=&#8221;default&#8221; global_colors_info=&#8221;{}&#8221;][\/et_pb_column][et_pb_column type=&#8221;1_2&#8243; _builder_version=&#8221;4.19.4&#8243; _module_preset=&#8221;default&#8221; global_colors_info=&#8221;{}&#8221;][et_pb_text _builder_version=&#8221;4.20.4&#8243; _module_preset=&#8221;default&#8221; width=&#8221;130.7%&#8221; custom_margin=&#8221;|-22px||-57px||&#8221; custom_padding=&#8221;|0px||24px||&#8221; global_colors_info=&#8221;{}&#8221;]<\/p>\n<p style=\"text-align: justify;\" class=\"translation-block\"><strong>Le 8 septembre 2023, un s\u00e9isme d\u2019une magnitude allant de 6.8 \u00e0 7.2 a secou\u00e9 le Maroc, causant d\u2019importants d\u00e9g\u00e2ts humains et mat\u00e9riels. Son \u00e9picentre se trouvait dans la province de Al Haouz, dans le Haut Atlas, faisant des villes de Marrakech, Agadir, Ighil ou encore Casablanca, les plus touch\u00e9es du Maroc. Selon un bilan encore provisoire, ce s\u00e9isme a caus\u00e9 pr\u00e8s de 2 500 morts et 2 476 bless\u00e9s. De nombreux b\u00e2timents, habitations, routes ont \u00e9t\u00e9 d\u00e9truites et des vies ont \u00e9t\u00e9 boulevers\u00e9es.<\/strong><\/p>\n<p>[\/et_pb_text][et_pb_text _builder_version=&#8221;4.20.4&#8243; _module_preset=&#8221;default&#8221; width=&#8221;130.7%&#8221; custom_margin=&#8221;|-22px||-57px||&#8221; custom_padding=&#8221;|0px||24px||&#8221; global_colors_info=&#8221;{}&#8221;]<\/p>\n<p style=\"text-align: justify;\">Sources: Instituts Sismologiques ; Al Jazeera ; OCHA (Relief Web) ; Organisation Mondiale de la Sant\u00e9<\/p>\n<p style=\"text-align: justify;\">Cr\u00e9dit Photo : AFP<\/p>\n<p>[\/et_pb_text][\/et_pb_column][et_pb_column type=&#8221;1_4&#8243; _builder_version=&#8221;4.19.4&#8243; _module_preset=&#8221;default&#8221; global_colors_info=&#8221;{}&#8221;][\/et_pb_column][\/et_pb_row][et_pb_row column_structure=&#8221;1_5,3_5,1_5&#8243; _builder_version=&#8221;4.20.4&#8243; _module_preset=&#8221;default&#8221; global_colors_info=&#8221;{}&#8221;][et_pb_column type=&#8221;1_5&#8243; _builder_version=&#8221;4.19.4&#8243; _module_preset=&#8221;default&#8221; global_colors_info=&#8221;{}&#8221;][\/et_pb_column][et_pb_column type=&#8221;3_5&#8243; _builder_version=&#8221;4.19.4&#8243; _module_preset=&#8221;default&#8221; global_colors_info=&#8221;{}&#8221;][et_pb_image src=&#8221;https:\/\/sboverseas.org\/wp-content\/uploads\/2023\/09\/Screenshot-5.png&#8221; alt=&#8221;enfant parmi les d\u00e9combres&#8221; title_text=&#8221;Screenshot (5)&#8221; _builder_version=&#8221;4.20.4&#8243; _module_preset=&#8221;default&#8221; box_shadow_style=&#8221;preset1&#8243; global_colors_info=&#8221;{}&#8221;][\/et_pb_image][et_pb_text _builder_version=&#8221;4.20.4&#8243; _module_preset=&#8221;default&#8221; locked=&#8221;off&#8221; global_colors_info=&#8221;{}&#8221;]<\/p>\n<p class=\"source\">Source: Institut G\u00e9ologique am\u00e9ricain<\/p>\n<p class=\"credit\">Infographie : Henrik Pettersson, CNN<\/p>\n<p>[\/et_pb_text][et_pb_divider _builder_version=&#8221;4.19.5&#8243; _module_preset=&#8221;default&#8221; global_colors_info=&#8221;{}&#8221;][\/et_pb_divider][et_pb_text _builder_version=&#8221;4.20.4&#8243; _module_preset=&#8221;default&#8221; header_font=&#8221;Aboreto|700|||||||&#8221; global_colors_info=&#8221;{}&#8221;]<\/p>\n<h1><strong>SB Overseas sur le terrain - Intervention d\u2019urgence<\/strong><\/h1>\n<p><strong><\/strong><\/p>\n<p>[\/et_pb_text][et_pb_text _builder_version=&#8221;4.20.4&#8243; _module_preset=&#8221;default&#8221; text_font=&#8221;|700|||||||&#8221; global_colors_info=&#8221;{}&#8221;]<\/p>\n<p style=\"text-align: justify;\"><strong style=\"font-size: 14px;\">Aide humanitaire :<\/strong><span style=\"font-size: 14px;\"><\/span><\/p>\n<p style=\"text-align: justify;\"><strong>Il est essentiel que la communaut\u00e9 internationale se mobilise pour soutenir les individu\u00b7es victimes de ce d\u00e9sastre naturel. Les besoins sont colossaux, allant de l\u2019aide m\u00e9dicale d\u2019urgence, des produits d\u2019hygi\u00e8ne (pour femmes, lingettes pour b\u00e9b\u00e9s) et de nourriture (conserves alimentaires, lait en poudre pour b\u00e9b\u00e9)  \u00e0 l\u2019aide au logement temporaire et aux abris (couverture, tentes, lits de camp, etc.).<\/strong><\/p>\n<p style=\"text-align: justify;\">\n<p>[\/et_pb_text][et_pb_image src=&#8221;https:\/\/sboverseas.org\/wp-content\/uploads\/2023\/09\/AIDE-durgence-1.png&#8221; alt=&#8221;enfant parmi les d\u00e9combres&#8221; title_text=&#8221;AIDE d&#8217;urgence&#8221; _builder_version=&#8221;4.20.4&#8243; _module_preset=&#8221;default&#8221; box_shadow_style=&#8221;preset1&#8243; global_colors_info=&#8221;{}&#8221;][\/et_pb_image][et_pb_text _builder_version=&#8221;4.20.4&#8243; _module_preset=&#8221;default&#8221; text_font=&#8221;|700|||||||&#8221; global_colors_info=&#8221;{}&#8221;]<\/p>\n<p style=\"text-align: justify;\"><strong>Votre soutien n\u2019a pas de prix et fera une diff\u00e9rence significative.<\/strong><\/p>\n<p>[\/et_pb_text][\/et_pb_column][et_pb_column type=&#8221;1_5&#8243; _builder_version=&#8221;4.19.4&#8243; _module_preset=&#8221;default&#8221; global_colors_info=&#8221;{}&#8221;][\/et_pb_column][\/et_pb_row][et_pb_row column_structure=&#8221;2_3,1_3&#8243; _builder_version=&#8221;4.20.4&#8243; _module_preset=&#8221;default&#8221; background_color=&#8221;#3281c1&#8243; custom_padding=&#8221;||3px|||&#8221; border_radii=&#8221;on|18px|18px|18px|18px&#8221; global_colors_info=&#8221;{}&#8221;][et_pb_column type=&#8221;2_3&#8243; _builder_version=&#8221;4.19.5&#8243; _module_preset=&#8221;default&#8221; global_colors_info=&#8221;{}&#8221;][et_pb_text _builder_version=&#8221;4.20.4&#8243; _module_preset=&#8221;default&#8221; text_text_color=&#8221;#FFFFFF&#8221; header_2_font=&#8221;|600|||||||&#8221; header_2_text_color=&#8221;#FFFFFF&#8221; header_2_font_size=&#8221;41px&#8221; width=&#8221;100%&#8221; custom_margin=&#8221;||43px|33px||&#8221; global_colors_info=&#8221;{}&#8221;]<\/p>\n<h2 style=\"text-align: left; padding-left: 40px;\">Faire un Don<\/h2>\n<p style=\"padding-left: 40px; text-align: left;\">Soutenez l'envoie de premiers secours aux victimes du tremblement de terre au Maroc.<\/p>\n<p>[\/et_pb_text][\/et_pb_column][et_pb_column type=&#8221;1_3&#8243; _builder_version=&#8221;4.20.4&#8243; _module_preset=&#8221;default&#8221; global_colors_info=&#8221;{}&#8221;][et_pb_button button_url=&#8221;@ET-DC@eyJkeW5hbWljIjp0cnVlLCJjb250ZW50IjoicG9zdF9saW5rX3VybF9naXZlX2Zvcm1zIiwic2V0dGluZ3MiOnsicG9zdF9pZCI6IjQxMTY4In19@&#8221; url_new_window=&#8221;on&#8221; button_text=&#8221;Give Today&#8221; _builder_version=&#8221;4.20.4&#8243; _dynamic_attributes=&#8221;button_url&#8221; _module_preset=&#8221;default&#8221; custom_button=&#8221;on&#8221; button_text_color=&#8221;#0C71C3&#8243; button_bg_color=&#8221;#FFFFFF&#8221; button_border_radius=&#8221;10px&#8221; positioning=&#8221;relative&#8221; vertical_offset=&#8221;27px&#8221; horizontal_offset=&#8221;-6px&#8221; vertical_offset_tablet=&#8221;-38px&#8221; vertical_offset_phone=&#8221;-38px&#8221; vertical_offset_last_edited=&#8221;on|phone&#8221; horizontal_offset_tablet=&#8221;-6px&#8221; horizontal_offset_phone=&#8221;-6px&#8221; horizontal_offset_last_edited=&#8221;on|desktop&#8221; position_origin_a_tablet=&#8221;&#8221; position_origin_a_phone=&#8221;&#8221; position_origin_a_last_edited=&#8221;on|desktop&#8221; position_origin_f_tablet=&#8221;&#8221; position_origin_f_phone=&#8221;&#8221; position_origin_f_last_edited=&#8221;on|desktop&#8221; position_origin_r_tablet=&#8221;&#8221; position_origin_r_phone=&#8221;&#8221; position_origin_r_last_edited=&#8221;on|phone&#8221; background_layout=&#8221;dark&#8221; positioning_tablet=&#8221;relative&#8221; positioning_phone=&#8221;relative&#8221; positioning_last_edited=&#8221;on|desktop&#8221; global_colors_info=&#8221;{}&#8221;][\/et_pb_button][\/et_pb_column][\/et_pb_row][\/et_pb_section]<\/p>","protected":false},"excerpt":{"rendered":"<p>On September the 8th 2023, an earthquake of 6.8 to 7.2 struck Morocco causing huge damages and human loss. The deadly quake\u2019s epicentre was in Al Haouz province in Morocco\u2019s High Atlas making the cities of Marrakech, Agadir, Ighil and Casablanca the most afflicted in Morocco. According to primary reports, the death toll rises to [&hellip;]<\/p>","protected":false},"author":162,"featured_media":0,"parent":0,"menu_order":0,"comment_status":"closed","ping_status":"closed","template":"","meta":{"_et_pb_use_builder":"on","_et_pb_old_content":"","_et_gb_content_width":"","footnotes":""},"class_list":["post-41123","page","type-page","status-publish","hentry"],"yoast_head":"<!-- This site is optimized with the Yoast SEO plugin v25.2 - https:\/\/yoast.com\/wordpress\/plugins\/seo\/ -->\n<title>SOS MOROCCO - SBO - D\u00e9veloppement Durable &amp; Aide Humanitaire<\/title>\n<meta name=\"robots\" content=\"index, follow, max-snippet:-1, max-image-preview:large, max-video-preview:-1\" \/>\n<link rel=\"canonical\" href=\"http:\/\/sboverseas.org\/fr\/sos-morocco\/\" \/>\n<meta property=\"og:locale\" content=\"fr_FR\" \/>\n<meta property=\"og:type\" content=\"article\" \/>\n<meta property=\"og:title\" content=\"SOS MOROCCO - SBO - D\u00e9veloppement Durable &amp; Aide Humanitaire\" \/>\n<meta property=\"og:description\" content=\"On September the 8th 2023, an earthquake of 6.8 to 7.2 struck Morocco causing huge damages and human loss. The deadly quake\u2019s epicentre was in Al Haouz province in Morocco\u2019s High Atlas making the cities of Marrakech, Agadir, Ighil and Casablanca the most afflicted in Morocco. According to primary reports, the death toll rises to [&hellip;]\" \/>\n<meta property=\"og:url\" content=\"http:\/\/sboverseas.org\/fr\/sos-morocco\/\" \/>\n<meta property=\"og:site_name\" content=\"SBO - D\u00e9veloppement Durable &amp; Aide Humanitaire\" \/>\n<meta property=\"article:modified_time\" content=\"2023-09-13T07:59:55+00:00\" \/>\n<meta name=\"twitter:card\" content=\"summary_large_image\" \/>\n<meta name=\"twitter:label1\" content=\"Dur\u00e9e de lecture est.\" \/>\n\t<meta name=\"twitter:data1\" content=\"5 minutes\" \/>\n<script type=\"application\/ld+json\" class=\"yoast-schema-graph\">{\"@context\":\"https:\/\/schema.org\",\"@graph\":[{\"@type\":\"WebPage\",\"@id\":\"http:\/\/sboverseas.org\/en\/sos-morocco\/\",\"url\":\"http:\/\/sboverseas.org\/en\/sos-morocco\/\",\"name\":\"SOS MOROCCO - SBO - D\u00e9veloppement Durable &amp; Aide Humanitaire\",\"isPartOf\":{\"@id\":\"https:\/\/sboverseas.org\/#website\"},\"datePublished\":\"2023-09-11T15:56:13+00:00\",\"dateModified\":\"2023-09-13T07:59:55+00:00\",\"inLanguage\":\"fr-BE\",\"potentialAction\":[{\"@type\":\"ReadAction\",\"target\":[\"http:\/\/sboverseas.org\/en\/sos-morocco\/\"]}]},{\"@type\":\"WebSite\",\"@id\":\"https:\/\/sboverseas.org\/#website\",\"url\":\"https:\/\/sboverseas.org\/\",\"name\":\"SBO - D\u00e9veloppement Durable &amp; Aide Humanitaire\",\"description\":\"Give Hope\",\"potentialAction\":[{\"@type\":\"SearchAction\",\"target\":{\"@type\":\"EntryPoint\",\"urlTemplate\":\"https:\/\/sboverseas.org\/?s={search_term_string}\"},\"query-input\":{\"@type\":\"PropertyValueSpecification\",\"valueRequired\":true,\"valueName\":\"search_term_string\"}}],\"inLanguage\":\"fr-BE\"}]}<\/script>\n<!-- \/ Yoast SEO plugin. -->","yoast_head_json":{"title":"SOS MOROCCO - SBO - D\u00e9veloppement Durable &amp; Aide Humanitaire","robots":{"index":"index","follow":"follow","max-snippet":"max-snippet:-1","max-image-preview":"max-image-preview:large","max-video-preview":"max-video-preview:-1"},"canonical":"http:\/\/sboverseas.org\/fr\/sos-morocco\/","og_locale":"fr_FR","og_type":"article","og_title":"SOS MOROCCO - SBO - D\u00e9veloppement Durable &amp; Aide Humanitaire","og_description":"On September the 8th 2023, an earthquake of 6.8 to 7.2 struck Morocco causing huge damages and human loss. The deadly quake\u2019s epicentre was in Al Haouz province in Morocco\u2019s High Atlas making the cities of Marrakech, Agadir, Ighil and Casablanca the most afflicted in Morocco. According to primary reports, the death toll rises to [&hellip;]","og_url":"http:\/\/sboverseas.org\/fr\/sos-morocco\/","og_site_name":"SBO - D\u00e9veloppement Durable &amp; Aide Humanitaire","article_modified_time":"2023-09-13T07:59:55+00:00","twitter_card":"summary_large_image","twitter_misc":{"Dur\u00e9e de lecture est.":"5 minutes"},"schema":{"@context":"https:\/\/schema.org","@graph":[{"@type":"WebPage","@id":"http:\/\/sboverseas.org\/en\/sos-morocco\/","url":"http:\/\/sboverseas.org\/en\/sos-morocco\/","name":"SOS MOROCCO - SBO - D\u00e9veloppement Durable &amp; Aide Humanitaire","isPartOf":{"@id":"https:\/\/sboverseas.org\/#website"},"datePublished":"2023-09-11T15:56:13+00:00","dateModified":"2023-09-13T07:59:55+00:00","inLanguage":"fr-BE","potentialAction":[{"@type":"ReadAction","target":["http:\/\/sboverseas.org\/en\/sos-morocco\/"]}]},{"@type":"WebSite","@id":"https:\/\/sboverseas.org\/#website","url":"https:\/\/sboverseas.org\/","name":"SBO - D\u00e9veloppement Durable &amp; Aide Humanitaire","description":"Give Hope","potentialAction":[{"@type":"SearchAction","target":{"@type":"EntryPoint","urlTemplate":"https:\/\/sboverseas.org\/?s={search_term_string}"},"query-input":{"@type":"PropertyValueSpecification","valueRequired":true,"valueName":"search_term_string"}}],"inLanguage":"fr-BE"}]}},"_links":{"self":[{"href":"https:\/\/sboverseas.org\/fr\/wp-json\/wp\/v2\/pages\/41123","targetHints":{"allow":["GET"]}}],"collection":[{"href":"https:\/\/sboverseas.org\/fr\/wp-json\/wp\/v2\/pages"}],"about":[{"href":"https:\/\/sboverseas.org\/fr\/wp-json\/wp\/v2\/types\/page"}],"author":[{"embeddable":true,"href":"https:\/\/sboverseas.org\/fr\/wp-json\/wp\/v2\/users\/162"}],"replies":[{"embeddable":true,"href":"https:\/\/sboverseas.org\/fr\/wp-json\/wp\/v2\/comments?post=41123"}],"version-history":[{"count":16,"href":"https:\/\/sboverseas.org\/fr\/wp-json\/wp\/v2\/pages\/41123\/revisions"}],"predecessor-version":[{"id":41178,"href":"https:\/\/sboverseas.org\/fr\/wp-json\/wp\/v2\/pages\/41123\/revisions\/41178"}],"wp:attachment":[{"href":"https:\/\/sboverseas.org\/fr\/wp-json\/wp\/v2\/media?parent=41123"}],"curies":[{"name":"wp","href":"https:\/\/api.w.org\/{rel}","templated":true}]}}