{"id":41090,"date":"2023-08-24T11:03:11","date_gmt":"2023-08-24T09:03:11","guid":{"rendered":"https:\/\/sboverseas.org\/?page_id=41090"},"modified":"2025-02-22T15:04:46","modified_gmt":"2025-02-22T14:04:46","slug":"41090-2","status":"publish","type":"page","link":"https:\/\/sboverseas.org\/fr\/41090-2\/","title":{"rendered":"BACK TO SCHOOL"},"content":{"rendered":"<p>[et_pb_section fb_built=&#8221;1&#8243; admin_label=&#8221;Stats&#8221; _builder_version=&#8221;4.27.4&#8243; _module_preset=&#8221;default&#8221; background_image=&#8221;https:\/\/sboverseas.org\/wp-content\/uploads\/2024\/07\/crowdfunding-030.png&#8221; custom_padding=&#8221;5vw||5vw||true|false&#8221; locked=&#8221;off&#8221; global_colors_info=&#8221;{}&#8221;][et_pb_row column_structure=&#8221;1_2,1_2&#8243; _builder_version=&#8221;4.27.4&#8243; _module_preset=&#8221;default&#8221; width_tablet=&#8221;&#8221; width_phone=&#8221;90%&#8221; width_last_edited=&#8221;on|phone&#8221; max_width=&#8221;1553px&#8221; max_width_tablet=&#8221;1553px&#8221; max_width_phone=&#8221;1553px&#8221; max_width_last_edited=&#8221;on|desktop&#8221; global_colors_info=&#8221;{}&#8221;][et_pb_column type=&#8221;1_2&#8243; _builder_version=&#8221;4.16&#8243; _module_preset=&#8221;default&#8221; global_colors_info=&#8221;{}&#8221;][et_pb_heading title=&#8221;Back to school&#8221; _builder_version=&#8221;4.27.4&#8243; _module_preset=&#8221;default&#8221; title_font=&#8221;Poppins|700|||||||&#8221; title_text_align=&#8221;left&#8221; title_font_size=&#8221;70px&#8221; title_line_height=&#8221;1.2em&#8221; custom_padding=&#8221;|||20px|false|false&#8221; hover_enabled=&#8221;0&#8243; title_font_size_tablet=&#8221;70px&#8221; title_font_size_phone=&#8221;50px&#8221; title_font_size_last_edited=&#8221;on|phone&#8221; border_width_left=&#8221;10px&#8221; border_color_left=&#8221;gcid-1d3682ec-4444-4881-bf77-610c5133e7ee&#8221; global_colors_info=&#8221;{%22gcid-1d3682ec-4444-4881-bf77-610c5133e7ee%22:%91%22border_color_left%22%93}&#8221; sticky_enabled=&#8221;0&#8243;][\/et_pb_heading][et_pb_image src=&#8221;https:\/\/sboverseas.org\/wp-content\/uploads\/2023\/08\/6.png&#8221; alt=&#8221;Une maman de Gaza&#8221; title_text=&#8221;6&#8243; align=&#8221;center&#8221; disabled_on=&#8221;off|off|on&#8221; _builder_version=&#8221;4.27.4&#8243; _module_preset=&#8221;default&#8221; locked=&#8221;off&#8221; global_colors_info=&#8221;{}&#8221;][\/et_pb_image][et_pb_text _builder_version=&#8221;4.27.4&#8243; _module_preset=&#8221;default&#8221; text_font=&#8221;Poppins|600|||||||&#8221; text_text_color=&#8221;#FFFFFF&#8221; text_font_size=&#8221;18px&#8221; text_line_height=&#8221;1.8em&#8221; background_color=&#8221;gcid-primary-color&#8221; custom_margin=&#8221;|0px||0px|false|true&#8221; custom_padding=&#8221;30px|30px|30px|30px|true|true&#8221; custom_padding_tablet=&#8221;30px|30px|30px|30px|true|true&#8221; custom_padding_phone=&#8221;30px|30px|30px|30px|true|true&#8221; custom_padding_last_edited=&#8221;on|desktop&#8221; text_font_size_tablet=&#8221;25px&#8221; text_font_size_phone=&#8221;18px&#8221; text_font_size_last_edited=&#8221;on|phone&#8221; text_letter_spacing_tablet=&#8221;1px&#8221; text_letter_spacing_phone=&#8221;1px&#8221; text_letter_spacing_last_edited=&#8221;on|phone&#8221; text_line_height_tablet=&#8221;1.5em&#8221; text_line_height_phone=&#8221;1.7em&#8221; text_line_height_last_edited=&#8221;on|phone&#8221; border_radii=&#8221;on|8px|8px|8px|8px&#8221; global_colors_info=&#8221;{%22gcid-primary-color%22:%91%22background_color%22%93}&#8221;]<\/p>\n<p>\u00c0 l\u2019approche de la rentr\u00e9e scolaire, nous faisons appel \u00e0 votre g\u00e9n\u00e9rosit\u00e9.<\/p>\n<p>La vie des r\u00e9fugi\u00e9\u2022es syrien\u2022nes au Liban se fait de plus en plus pr\u00e9caire. Cette situation compromet l\u2019\u00e9ducation des enfants, car les familles ne peuvent plus payer les frais de scolarit\u00e9, la nourriture ou encore le mat\u00e9riel scolaire.<\/p>\n<p>Vous pouvez aider en parrainant la scolarit\u00e9 d\u2019un enfant r\u00e9fugi\u00e9 au Liban en qu\u00eate d\u2019un futur.<br \/>Parrainez un enfant, c\u2019est lui donner acc\u00e8s \u00e0 ses droits fondamentaux. L\u2019\u00e9ducation en fait partie. Ce droit ne peut plus attendre.<\/p>\n<p>[\/et_pb_text][\/et_pb_column][et_pb_column type=&#8221;1_2&#8243; _builder_version=&#8221;4.16&#8243; _module_preset=&#8221;default&#8221; global_colors_info=&#8221;{}&#8221;][et_pb_image src=&#8221;https:\/\/sboverseas.org\/wp-content\/uploads\/2023\/08\/6.png&#8221; alt=&#8221;Une maman de Gaza&#8221; title_text=&#8221;6&#8243; align=&#8221;center&#8221; disabled_on=&#8221;on|on|off&#8221; _builder_version=&#8221;4.27.4&#8243; _module_preset=&#8221;default&#8221; locked=&#8221;off&#8221; global_colors_info=&#8221;{}&#8221;][\/et_pb_image][et_pb_text _builder_version=&#8221;4.27.4&#8243; _module_preset=&#8221;default&#8221; header_2_font=&#8221;Poppins||||||||&#8221; header_2_font_size=&#8221;50px&#8221; header_2_line_height=&#8221;1.2em&#8221; header_3_font_size=&#8221;31px&#8221; module_alignment=&#8221;center&#8221; custom_margin=&#8221;||15px||false|false&#8221; custom_margin_tablet=&#8221;||15px||false|false&#8221; custom_margin_phone=&#8221;||15px||false|false&#8221; custom_margin_last_edited=&#8221;on|desktop&#8221; custom_padding=&#8221;||0px|15px|false|false&#8221; custom_padding_tablet=&#8221;||0px|15px|false|false&#8221; custom_padding_phone=&#8221;||0px|15px|false|false&#8221; custom_padding_last_edited=&#8221;on|desktop&#8221; text_orientation_tablet=&#8221;&#8221; text_orientation_phone=&#8221;&#8221; text_orientation_last_edited=&#8221;on|desktop&#8221; module_alignment_tablet=&#8221;center&#8221; module_alignment_phone=&#8221;center&#8221; module_alignment_last_edited=&#8221;on|desktop&#8221; border_color_right=&#8221;gcid-1d3682ec-4444-4881-bf77-610c5133e7ee&#8221; border_width_left=&#8221;10px&#8221; border_color_left=&#8221;gcid-1d3682ec-4444-4881-bf77-610c5133e7ee&#8221; global_colors_info=&#8221;{%22gcid-1d3682ec-4444-4881-bf77-610c5133e7ee%22:%91%22border_color_right%22,%22border_color_left%22%93}&#8221;]<\/p>\n<h2><strong>FAITES UN DON\u00a0<\/strong><\/h2>\n<p>[\/et_pb_text][et_pb_text _builder_version=&#8221;4.27.4&#8243; _module_preset=&#8221;default&#8221; text_font=&#8221;Poppins||||||||&#8221; text_text_color=&#8221;#000000&#8243; text_font_size=&#8221;20px&#8221; text_line_height=&#8221;1.8em&#8221; global_colors_info=&#8221;{}&#8221;]<\/p>\n<p style=\"text-align: left;\"><strong>BE42 7320 3907 1954<\/strong><br \/><strong>CREGBEBB \/ CBC BANK<\/strong><br \/><strong>Communication: BACK TO SCHOOL\u00a0<\/strong><\/p>\n<p>[\/et_pb_text][\/et_pb_column][\/et_pb_row][\/et_pb_section]<\/p>","protected":false},"excerpt":{"rendered":"<p>As the new school year approaches, we are appealing to your generosity. Life for Syrian refugees in Lebanon is becoming increasingly precarious. This situation jeopardizes their children&#8217;s education, as their families can no longer afford school fees, food or school supplies. You can help by sponsoring the education of a refugee child in Lebanon in [&hellip;]<\/p>","protected":false},"author":5,"featured_media":0,"parent":0,"menu_order":0,"comment_status":"closed","ping_status":"closed","template":"","meta":{"_et_pb_use_builder":"on","_et_pb_old_content":"","_et_gb_content_width":"","footnotes":""},"class_list":["post-41090","page","type-page","status-publish","hentry"],"yoast_head":"<!-- This site is optimized with the Yoast SEO plugin v25.2 - https:\/\/yoast.com\/wordpress\/plugins\/seo\/ -->\n<title>BACK TO SCHOOL - SBO - D\u00e9veloppement Durable &amp; Aide Humanitaire<\/title>\n<meta name=\"robots\" content=\"index, follow, max-snippet:-1, max-image-preview:large, max-video-preview:-1\" \/>\n<link rel=\"canonical\" href=\"https:\/\/sboverseas.org\/fr\/41090-2\/\" \/>\n<meta property=\"og:locale\" content=\"fr_FR\" \/>\n<meta property=\"og:type\" content=\"article\" \/>\n<meta property=\"og:title\" content=\"BACK TO SCHOOL - SBO - D\u00e9veloppement Durable &amp; Aide Humanitaire\" \/>\n<meta property=\"og:description\" content=\"As the new school year approaches, we are appealing to your generosity. Life for Syrian refugees in Lebanon is becoming increasingly precarious. This situation jeopardizes their children&#039;s education, as their families can no longer afford school fees, food or school supplies. You can help by sponsoring the education of a refugee child in Lebanon in [&hellip;]\" \/>\n<meta property=\"og:url\" content=\"https:\/\/sboverseas.org\/fr\/41090-2\/\" \/>\n<meta property=\"og:site_name\" content=\"SBO - D\u00e9veloppement Durable &amp; Aide Humanitaire\" \/>\n<meta property=\"article:modified_time\" content=\"2025-02-22T14:04:46+00:00\" \/>\n<meta name=\"twitter:card\" content=\"summary_large_image\" \/>\n<meta name=\"twitter:label1\" content=\"Dur\u00e9e de lecture est.\" \/>\n\t<meta name=\"twitter:data1\" content=\"3 minutes\" \/>\n<script type=\"application\/ld+json\" class=\"yoast-schema-graph\">{\"@context\":\"https:\/\/schema.org\",\"@graph\":[{\"@type\":\"WebPage\",\"@id\":\"https:\/\/sboverseas.org\/en\/41090-2\/\",\"url\":\"https:\/\/sboverseas.org\/en\/41090-2\/\",\"name\":\"BACK TO SCHOOL - SBO - D\u00e9veloppement Durable &amp; Aide Humanitaire\",\"isPartOf\":{\"@id\":\"https:\/\/sboverseas.org\/#website\"},\"datePublished\":\"2023-08-24T09:03:11+00:00\",\"dateModified\":\"2025-02-22T14:04:46+00:00\",\"inLanguage\":\"fr-BE\",\"potentialAction\":[{\"@type\":\"ReadAction\",\"target\":[\"https:\/\/sboverseas.org\/en\/41090-2\/\"]}]},{\"@type\":\"WebSite\",\"@id\":\"https:\/\/sboverseas.org\/#website\",\"url\":\"https:\/\/sboverseas.org\/\",\"name\":\"SBO - D\u00e9veloppement Durable &amp; Aide Humanitaire\",\"description\":\"Give Hope\",\"potentialAction\":[{\"@type\":\"SearchAction\",\"target\":{\"@type\":\"EntryPoint\",\"urlTemplate\":\"https:\/\/sboverseas.org\/?s={search_term_string}\"},\"query-input\":{\"@type\":\"PropertyValueSpecification\",\"valueRequired\":true,\"valueName\":\"search_term_string\"}}],\"inLanguage\":\"fr-BE\"}]}<\/script>\n<!-- \/ Yoast SEO plugin. -->","yoast_head_json":{"title":"BACK TO SCHOOL - SBO - D\u00e9veloppement Durable &amp; Aide Humanitaire","robots":{"index":"index","follow":"follow","max-snippet":"max-snippet:-1","max-image-preview":"max-image-preview:large","max-video-preview":"max-video-preview:-1"},"canonical":"https:\/\/sboverseas.org\/fr\/41090-2\/","og_locale":"fr_FR","og_type":"article","og_title":"BACK TO SCHOOL - SBO - D\u00e9veloppement Durable &amp; Aide Humanitaire","og_description":"As the new school year approaches, we are appealing to your generosity. Life for Syrian refugees in Lebanon is becoming increasingly precarious. This situation jeopardizes their children's education, as their families can no longer afford school fees, food or school supplies. You can help by sponsoring the education of a refugee child in Lebanon in [&hellip;]","og_url":"https:\/\/sboverseas.org\/fr\/41090-2\/","og_site_name":"SBO - D\u00e9veloppement Durable &amp; Aide Humanitaire","article_modified_time":"2025-02-22T14:04:46+00:00","twitter_card":"summary_large_image","twitter_misc":{"Dur\u00e9e de lecture est.":"3 minutes"},"schema":{"@context":"https:\/\/schema.org","@graph":[{"@type":"WebPage","@id":"https:\/\/sboverseas.org\/en\/41090-2\/","url":"https:\/\/sboverseas.org\/en\/41090-2\/","name":"BACK TO SCHOOL - SBO - D\u00e9veloppement Durable &amp; Aide Humanitaire","isPartOf":{"@id":"https:\/\/sboverseas.org\/#website"},"datePublished":"2023-08-24T09:03:11+00:00","dateModified":"2025-02-22T14:04:46+00:00","inLanguage":"fr-BE","potentialAction":[{"@type":"ReadAction","target":["https:\/\/sboverseas.org\/en\/41090-2\/"]}]},{"@type":"WebSite","@id":"https:\/\/sboverseas.org\/#website","url":"https:\/\/sboverseas.org\/","name":"SBO - D\u00e9veloppement Durable &amp; Aide Humanitaire","description":"Give Hope","potentialAction":[{"@type":"SearchAction","target":{"@type":"EntryPoint","urlTemplate":"https:\/\/sboverseas.org\/?s={search_term_string}"},"query-input":{"@type":"PropertyValueSpecification","valueRequired":true,"valueName":"search_term_string"}}],"inLanguage":"fr-BE"}]}},"_links":{"self":[{"href":"https:\/\/sboverseas.org\/fr\/wp-json\/wp\/v2\/pages\/41090","targetHints":{"allow":["GET"]}}],"collection":[{"href":"https:\/\/sboverseas.org\/fr\/wp-json\/wp\/v2\/pages"}],"about":[{"href":"https:\/\/sboverseas.org\/fr\/wp-json\/wp\/v2\/types\/page"}],"author":[{"embeddable":true,"href":"https:\/\/sboverseas.org\/fr\/wp-json\/wp\/v2\/users\/5"}],"replies":[{"embeddable":true,"href":"https:\/\/sboverseas.org\/fr\/wp-json\/wp\/v2\/comments?post=41090"}],"version-history":[{"count":13,"href":"https:\/\/sboverseas.org\/fr\/wp-json\/wp\/v2\/pages\/41090\/revisions"}],"predecessor-version":[{"id":42746,"href":"https:\/\/sboverseas.org\/fr\/wp-json\/wp\/v2\/pages\/41090\/revisions\/42746"}],"wp:attachment":[{"href":"https:\/\/sboverseas.org\/fr\/wp-json\/wp\/v2\/media?parent=41090"}],"curies":[{"name":"wp","href":"https:\/\/api.w.org\/{rel}","templated":true}]}}