{"id":30763,"date":"2021-12-15T21:50:54","date_gmt":"2021-12-15T21:50:54","guid":{"rendered":"https:\/\/sboverseas.org\/?page_id=30763"},"modified":"2022-06-28T18:45:38","modified_gmt":"2022-06-28T18:45:38","slug":"apply-for-internship","status":"publish","type":"page","link":"https:\/\/sboverseas.org\/fr\/apply-for-internship\/","title":{"rendered":"Postuler pour un stage"},"content":{"rendered":"<style type=\"text\/css\">body.kc-css-system .kc-css-430764{padding-bottom: 50px;}body.kc-css-system .kc-css-764240.kc_title,body.kc-css-system .kc-css-764240 .kc_title,body.kc-css-system .kc-css-764240 .kc_title a.kc_title_link{color: #000000;font-size: 25px;font-weight: 500;text-align: center;}body.kc-css-system .kc-css-622051 .kc-container{max-width: 1024px;}body.kc-css-system .kc-css-622051{padding-right: 85px;padding-bottom: 50px;padding-left: 85px;}@media only screen and (max-width: 999px){body.kc-css-system .kc-css-622051{padding-right: 20px;padding-left: 20px;}}<\/style>\n<section class=\"kc-elm kc-css-430764 kc_row\">\n<div class=\"kc-row-container  kc-container\">\n<div class=\"kc-wrap-columns\">\n<div class=\"kc-elm kc-css-912278 kc_col-sm-12 kc_column kc_col-sm-12\">\n<div class=\"kc-col-container\">\n<div class=\"kc-elm kc-css-764240 kc-title-wrap\">\n<h1 class=\"kc_title\">Postuler pour un stage<\/h1>\n<\/div>\n<\/div>\n<\/div>\n<\/div>\n<\/div>\n<\/section>\n<section class=\"kc-elm kc-css-622051 kc_row\">\n<div class=\"kc-row-container  kc-container\">\n<div class=\"kc-wrap-columns\">\n<div class=\"kc-elm kc-css-812452 kc_col-sm-12 kc_column kc_col-sm-12\">\n<div class=\"kc-col-container\">\n<div class=\"kc-elm kc-css-381383 kc-raw-code\">\n<div class=\"caldera-grid\" id=\"caldera_form_1\" data-cf-ver=\"1.9.7\" data-cf-form-id=\"CF61ba59fa1a211\">\n<div id=\"caldera_notices_1\" data-spinner=\"https:\/\/sboverseas.org\/wp-admin\/images\/spinner.gif\"><\/div>\n<form data-instance=\"1\" class=\"CF61ba59fa1a211 caldera_forms_form cfajax-trigger\" method=\"POST\" enctype=\"multipart\/form-data\" id=\"CF61ba59fa1a211_1\" data-form-id=\"CF61ba59fa1a211\" aria-label=\"Formulaire de candidature pour le programme de stages au Liban 2020\" data-target=\"#caldera_notices_1\" data-template=\"#cfajax_CF61ba59fa1a211-tmpl\" data-cfajax=\"CF61ba59fa1a211\" data-load-element=\"_parent\" data-load-class=\"cf_processing\" data-post-disable=\"0\" data-action=\"cf_process_ajax_submit\" data-request=\"https:\/\/sboverseas.org\/cf-api\/CF61ba59fa1a211\" data-hiderows=\"true\" action=\"\">\n<input type=\"hidden\" id=\"_cf_verify_CF61ba59fa1a211\" name=\"_cf_verify\" value=\"4a5ee89263\"  data-nonce-time=\"1656441980\" \/><input type=\"hidden\" name=\"_wp_http_referer\" value=\"\/wp-admin\/post.php\" \/><\/p>\n<div id=\"cf2-CF61ba59fa1a211_1\"><\/div>\n<p><input type=\"hidden\" name=\"_cf_frm_id\" value=\"CF61ba59fa1a211\"><br \/>\n<input type=\"hidden\" name=\"_cf_frm_ct\" value=\"1\"><br \/>\n<input type=\"hidden\" name=\"cfajax\" value=\"CF61ba59fa1a211\"><br \/>\n<input type=\"hidden\" name=\"_cf_cr_pst\" value=\"30763\"><\/p>\n<div class=\"hide\" style=\"display:none; overflow:hidden;height:0;width:0;\">\n<label>Nom<\/label><input type=\"text\" name=\"name\" value=\"\" autocomplete=\"off\">\n<\/div>\n<div id=\"CF61ba59fa1a211_1-row-1\"  class=\"row  first_row\">\n<div  class=\"col-sm-6  first_col\">\n<div data-field-wrapper=\"fld_5548676\" class=\"form-group\" id=\"fld_5548676_1-wrap\">\n\t<label id=\"fld_5548676Label\" for=\"fld_5548676_1\" class=\"control-label\">Nom <span aria-hidden=\"true\" role=\"presentation\" class=\"field_required\" style=\"color:#ee0000;\">*<\/span><\/label><\/p>\n<div class=\"\">\n\t\t<input   required type=\"text\" data-field=\"fld_5548676\" class=\"form-control\" id=\"fld_5548676_1\" name=\"fld_5548676\" value=\"\" data-type=\"text\" aria-required=\"true\"   aria-labelledby=\"fld_5548676Label\" >\t\t\t<\/div>\n<\/div>\n<div data-field-wrapper=\"fld_8100799\" class=\"form-group\" id=\"fld_8100799_1-wrap\">\n\t<label id=\"fld_8100799Label\" for=\"fld_8100799_1\" class=\"control-label\">Date de naissance <span aria-hidden=\"true\" role=\"presentation\" class=\"field_required\" style=\"color:#ee0000;\">*<\/span><\/label><\/p>\n<div class=\"\">\n\t\t<input  type=\"text\" data-provide=\"cfdatepicker\" name=\"fld_8100799\" value=\"\" id=\"fld_8100799_1\" data-field=\"fld_8100799\" class=\"form-control cfdatepicker is-cfdatepicker\" data-date-format=\"dd-mm-yyyy\" required data-date-start-view=\"decade\"   aria-labelledby=\"fld_8100799Label\" \/>\n\t\t\t<\/div>\n<\/div>\n<div data-field-wrapper=\"fld_5967138\" class=\"form-group\" id=\"fld_5967138_1-wrap\">\n\t<label id=\"fld_5967138Label\" for=\"fld_5967138_1\" class=\"control-label\">E-mail <span aria-hidden=\"true\" role=\"presentation\" class=\"field_required\" style=\"color:#ee0000;\">*<\/span><\/label><\/p>\n<div class=\"\">\n\t\t<input   required type=\"email\" data-field=\"fld_5967138\" class=\"form-control\" id=\"fld_5967138_1\" name=\"fld_5967138\" value=\"\" data-type=\"email\" aria-required=\"true\"   aria-labelledby=\"fld_5967138Label\" >\t\t\t<\/div>\n<\/div>\n<\/div>\n<div  class=\"col-sm-6  last_col\">\n<div data-field-wrapper=\"fld_6325813\" class=\"form-group\" id=\"fld_6325813_1-wrap\">\n\t<label id=\"fld_6325813Label\" for=\"fld_6325813_1\" class=\"control-label\">Nationalit\u00e9 <span aria-hidden=\"true\" role=\"presentation\" class=\"field_required\" style=\"color:#ee0000;\">*<\/span><\/label><\/p>\n<div class=\"\">\n\t\t<input   required type=\"text\" data-field=\"fld_6325813\" class=\"form-control\" id=\"fld_6325813_1\" name=\"fld_6325813\" value=\"\" data-type=\"text\" aria-required=\"true\"   aria-labelledby=\"fld_6325813Label\" >\t\t\t<\/div>\n<\/div>\n<div data-field-wrapper=\"fld_5789137\" class=\"form-group\" id=\"fld_5789137_1-wrap\">\n\t<label id=\"fld_5789137Label\" for=\"fld_5789137_1\" class=\"control-label\">Pays de r\u00e9sidence <span aria-hidden=\"true\" role=\"presentation\" class=\"field_required\" style=\"color:#ee0000;\">*<\/span><\/label><\/p>\n<div class=\"\">\n\t\t<input   required type=\"text\" data-field=\"fld_5789137\" class=\"form-control\" id=\"fld_5789137_1\" name=\"fld_5789137\" value=\"\" data-type=\"text\" aria-required=\"true\"   aria-labelledby=\"fld_5789137Label\" >\t\t\t<\/div>\n<\/div>\n<div data-field-wrapper=\"fld_8353486\" class=\"form-group\" id=\"fld_8353486_1-wrap\">\n\t<label id=\"fld_8353486Label\" for=\"fld_8353486_1\" class=\"control-label\">Num\u00e9ro de t\u00e9l\u00e9phone <span aria-hidden=\"true\" role=\"presentation\" class=\"field_required\" style=\"color:#ee0000;\">*<\/span><\/label><\/p>\n<div class=\"\">\n\t\t<input   required type=\"tel\" data-field=\"fld_8353486\" class=\"form-control\" id=\"fld_8353486_1\" name=\"fld_8353486\" value=\"\" data-type=\"phone_better\" aria-required=\"true\"   aria-labelledby=\"fld_8353486Label\" >\t\t\t<\/div>\n<\/div>\n<\/div>\n<\/div>\n<div id=\"CF61ba59fa1a211_1-row-2\"  class=\"row\">\n<div  class=\"col-sm-12  single\">\n<div data-field-wrapper=\"fld_1040276\" class=\"form-group\" id=\"fld_1040276_1-wrap\">\n\t<label id=\"fld_1040276Label\" for=\"fld_1040276_1\" class=\"control-label\">Comment avez-vous entendu parler de ce programme ? <span aria-hidden=\"true\" role=\"presentation\" class=\"field_required\" style=\"color:#ee0000;\">*<\/span><\/label><\/p>\n<div class=\"\">\n\t\t<textarea name=\"fld_1040276\" value=\"\" data-field=\"fld_1040276\" class=\"form-control\" id=\"fld_1040276_1\" rows=\"4\"  required=\"required\"  aria-labelledby=\"fld_1040276Label\" aria-describedby=\"fld_1040276Caption\" ><\/textarea><br \/>\n\t\t<span id=\"fld_1040276Caption\" class=\"help-block\">Facebook, autres m\u00e9dias sociaux, site d&#039;offres d&#039;emploi, bouche \u00e0 oreille, autre.<\/span>\n\t<\/div>\n<\/div>\n<\/div>\n<\/div>\n<div id=\"CF61ba59fa1a211_1-row-3\"  class=\"row\">\n<div  class=\"col-sm-12  single\">\n<div data-field-wrapper=\"fld_8243213\" class=\"form-group\" id=\"fld_8243213_1-wrap\">\n\t<label id=\"fld_8243213Label\" for=\"fld_8243213_1\" class=\"control-label\">Poste de stagiaire <span aria-hidden=\"true\" role=\"presentation\" class=\"field_required\" style=\"color:#ee0000;\">*<\/span><\/label><\/p>\n<div class=\"\">\n\t\t<select name=\"fld_8243213\" value=\"\" data-field=\"fld_8243213\" class=\"form-control\" id=\"fld_8243213_1\"  required=\"required\"  aria-labelledby=\"fld_8243213Label\" aria-describedby=\"fld_8243213Caption\" ><option value=\"\"><\/option><option value=\"Communications and Marketing\"  data-calc-value=\"Communications and Marketing\" ><br \/>\n\t\t\t\t\t\tCommunication et Marketing\t\t\t\t\t<\/option><option value=\"Project Development\"  data-calc-value=\"Project Development\" ><br \/>\n\t\t\t\t\t\tLe d\u00e9veloppement de projets\t\t\t\t\t<\/option><option value=\"Empowerment Development\"  data-calc-value=\"Empowerment Development\" ><br \/>\n\t\t\t\t\t\tD\u00e9veloppement de l&#039;autonomisation\t\t\t\t\t<\/option><option value=\"Child Protection\"  data-calc-value=\"Child Protection\" ><br \/>\n\t\t\t\t\t\tProtection de l&#039;enfance\t\t\t\t\t<\/option><option value=\"Education and Teaching\"  data-calc-value=\"Education and Teaching\" ><br \/>\n\t\t\t\t\t\t\u00c9ducation et enseignement\t\t\t\t\t<\/option><\/select><br \/>\n\t\t<span id=\"fld_8243213Caption\" class=\"help-block\">Veuillez s\u00e9lectionner le r\u00f4le de stage auquel vous souhaitez postuler<\/span>\n\t<\/div>\n<\/div>\n<\/div>\n<\/div>\n<div id=\"CF61ba59fa1a211_1-row-4\"  class=\"row\">\n<div  class=\"col-sm-12  single\">\n<div data-field-wrapper=\"fld_1242658\" class=\"form-group\" id=\"fld_1242658_1-wrap\">\n\t<label id=\"fld_1242658Label\" for=\"fld_1242658_1\" class=\"control-label\">P\u00e9riode de stage <span aria-hidden=\"true\" role=\"presentation\" class=\"field_required\" style=\"color:#ee0000;\">*<\/span><\/label><\/p>\n<div class=\"\">\n\t\t<select name=\"fld_1242658\" value=\"\" data-field=\"fld_1242658\" class=\"form-control\" id=\"fld_1242658_1\"  required=\"required\"  aria-labelledby=\"fld_1242658Label\" aria-describedby=\"fld_1242658Caption\" ><option value=\"\"><\/option><option value=\"May 2020\"  data-calc-value=\"May 2020\" ><br \/>\n\t\t\t\t\t\tMai 2020\t\t\t\t\t<\/option><option value=\"September 2020\"  data-calc-value=\"September 2020\" ><br \/>\n\t\t\t\t\t\tSeptembre 2020\t\t\t\t\t<\/option><\/select><br \/>\n\t\t<span id=\"fld_1242658Caption\" class=\"help-block\">Veuillez s\u00e9lectionner votre p\u00e9riode de placement pr\u00e9f\u00e9r\u00e9e <\/span>\n\t<\/div>\n<\/div>\n<\/div>\n<\/div>\n<div id=\"CF61ba59fa1a211_1-row-5\"  class=\"row\">\n<div  class=\"col-sm-12  single\">\n<div data-field-wrapper=\"fld_3520239\" class=\"form-group\" id=\"fld_3520239_1-wrap\">\n\t<label id=\"fld_3520239Label\" for=\"fld_3520239_1\" class=\"control-label\">Dur\u00e9e de la p\u00e9riode de placement <span aria-hidden=\"true\" role=\"presentation\" class=\"field_required\" style=\"color:#ee0000;\">*<\/span><\/label><\/p>\n<div class=\"\">\n\t\t<select name=\"fld_3520239\" value=\"\" data-field=\"fld_3520239\" class=\"form-control\" id=\"fld_3520239_1\"  required=\"required\"  aria-labelledby=\"fld_3520239Label\" aria-describedby=\"fld_3520239Caption\" ><option value=\"\"><\/option><option value=\"4 months\"  data-calc-value=\"4 months\" ><br \/>\n\t\t\t\t\t\t4 mois\t\t\t\t\t<\/option><option value=\"8 months\"  data-calc-value=\"8 months\" ><br \/>\n\t\t\t\t\t\t8 mois\t\t\t\t\t<\/option><\/select><br \/>\n\t\t<span id=\"fld_3520239Caption\" class=\"help-block\">Veuillez s\u00e9lectionner la dur\u00e9e de la p\u00e9riode de stage<\/span>\n\t<\/div>\n<\/div>\n<\/div>\n<\/div>\n<div id=\"CF61ba59fa1a211_1-row-6\"  class=\"row\">\n<div  class=\"col-sm-12  single\">\n<div data-field-wrapper=\"fld_399421\" class=\"form-group\" id=\"fld_399421_1-wrap\">\n\t<label id=\"fld_399421Label\" for=\"fld_399421_1\" class=\"control-label\">Veuillez indiquer si vous postulez pour r\u00e9pondre aux exigences de votre stage <span aria-hidden=\"true\" role=\"presentation\" class=\"field_required\" style=\"color:#ee0000;\">*<\/span><\/label><\/p>\n<div class=\"\">\n\t\t<select name=\"fld_399421\" value=\"\" data-field=\"fld_399421\" class=\"form-control\" id=\"fld_399421_1\"  required=\"required\"  aria-labelledby=\"fld_399421Label\" ><option value=\"\"><\/option><option value=\"Yes\"  data-calc-value=\"Yes\" ><br \/>\n\t\t\t\t\t\tOui\t\t\t\t\t<\/option><option value=\"No\"  data-calc-value=\"No\" ><br \/>\n\t\t\t\t\t\tNon\t\t\t\t\t<\/option><\/select>\n\t\t\t<\/div>\n<\/div>\n<\/div>\n<\/div>\n<div id=\"CF61ba59fa1a211_1-row-7\"  class=\"row\">\n<div  class=\"col-sm-12  single\">\n<div data-field-wrapper=\"fld_9549456\" class=\"form-group\" id=\"fld_9549456_1-wrap\">\n\t<label id=\"fld_9549456Label\" for=\"fld_9549456_1\" class=\"control-label\">\u00c9ducation : <span aria-hidden=\"true\" role=\"presentation\" class=\"field_required\" style=\"color:#ee0000;\">*<\/span><\/label><\/p>\n<div class=\"\">\n\t\t<textarea name=\"fld_9549456\" value=\"\" data-field=\"fld_9549456\" class=\"form-control\" id=\"fld_9549456_1\" rows=\"4\"  required=\"required\"  aria-labelledby=\"fld_9549456Label\" aria-describedby=\"fld_9549456Caption\" ><\/textarea><br \/>\n\t\t<span id=\"fld_9549456Caption\" class=\"help-block\">Veuillez \u00e9num\u00e9rer tous les niveaux d&#039;\u00e9tudes termin\u00e9s et les \u00e9tudes en cours<\/span>\n\t<\/div>\n<\/div>\n<\/div>\n<\/div>\n<div id=\"CF61ba59fa1a211_1-row-8\"  class=\"row\">\n<div  class=\"col-sm-12  single\">\n<div data-field-wrapper=\"fld_4639141\" class=\"form-group\" id=\"fld_4639141_1-wrap\">\n\t<label id=\"fld_4639141Label\" for=\"fld_4639141_1\" class=\"control-label\">Vivre <span aria-hidden=\"true\" role=\"presentation\" class=\"field_required\" style=\"color:#ee0000;\">*<\/span><\/label><\/p>\n<div class=\"\">\n\t\t<textarea name=\"fld_4639141\" value=\"\" data-field=\"fld_4639141\" class=\"form-control\" id=\"fld_4639141_1\" rows=\"6\"  required=\"required\"  aria-labelledby=\"fld_4639141Label\" aria-describedby=\"fld_4639141Caption\" ><\/textarea><br \/>\n\t\t<span id=\"fld_4639141Caption\" class=\"help-block\">Veuillez d\u00e9crire toute exp\u00e9rience ant\u00e9rieure pertinente pour ce programme et le poste auquel vous souhaitez postuler, qui pourrait inclure les types d&#039;exp\u00e9riences suivants\u00a0: b\u00e9n\u00e9volat, enseignement, travail avec des enfants \u00e0 un autre titre (par exemple, camps de scoutisme\/d&#039;\u00e9t\u00e9, aupairing), travailler avec des femmes (par exemple dans d&#039;autres projets d&#039;autonomisation des femmes). N&#039;h\u00e9sitez pas \u00e0 d\u00e9crire toutes les comp\u00e9tences suppl\u00e9mentaires que vous poss\u00e9dez et qui, selon vous, pourraient s&#039;av\u00e9rer utiles pour le poste. 300 mots maximum<\/span>\n\t<\/div>\n<\/div>\n<\/div>\n<\/div>\n<div id=\"CF61ba59fa1a211_1-row-9\"  class=\"row\">\n<div  class=\"col-sm-12  single\">\n<div data-field-wrapper=\"fld_3528122\" class=\"form-group\" id=\"fld_3528122_1-wrap\">\n\t<label id=\"fld_3528122Label\" for=\"fld_3528122_1\" class=\"control-label\">Curriculum Vitae (PDF uniquement) <span aria-hidden=\"true\" role=\"presentation\" class=\"field_required\" style=\"color:#ee0000;\">*<\/span><\/label><\/p>\n<div class=\"file-prevent-overflow\">\n<div id=\"fld_3528122_1_file_list\" class=\"cf-multi-uploader-list\"><\/div>\n<p>\t\t\t\t<input type=\"file\" name=\"fld_3528122\" value=\"\" data-field=\"fld_3528122\" class=\"\" id=\"fld_3528122_1\" data-controlid=\"trupl62bb4c7c4bf2c\"   required=\"required\"   aria-labelledby=\"fld_3528122Label\"><br \/>\n\t\t<input type=\"hidden\" name=\"fld_3528122\" value=\"trupl62bb4c7c4bf2c\">\n\t\t\t<\/div>\n<\/div>\n<div data-field-wrapper=\"fld_5289420\" class=\"form-group\" id=\"fld_5289420_1-wrap\">\n\t<label id=\"fld_5289420Label\" for=\"fld_5289420_1\" class=\"control-label\">Lettre de motivation (PDF uniquement) <span aria-hidden=\"true\" role=\"presentation\" class=\"field_required\" style=\"color:#ee0000;\">*<\/span><\/label><\/p>\n<div class=\"file-prevent-overflow\">\n<div id=\"fld_5289420_1_file_list\" class=\"cf-multi-uploader-list\"><\/div>\n<p>\t\t\t\t<input type=\"file\" name=\"fld_5289420\" value=\"\" data-field=\"fld_5289420\" class=\"\" id=\"fld_5289420_1\" data-controlid=\"trupl62bb4c7c4c023\"   required=\"required\"   aria-labelledby=\"fld_5289420Label\" aria-describedby=\"fld_5289420Caption\"><br \/>\n\t\t<input type=\"hidden\" name=\"fld_5289420\" value=\"trupl62bb4c7c4c023\"><br \/>\n\t\t<span id=\"fld_5289420Caption\" class=\"help-block\">Veuillez indiquer pourquoi vous \u00eates int\u00e9ress\u00e9 par cette forme de volontariat et ce qui vous a motiv\u00e9 \u00e0 postuler pour travailler avec nous.<\/span>\n\t<\/div>\n<\/div>\n<\/div>\n<\/div>\n<div id=\"CF61ba59fa1a211_1-row-10\"  class=\"row  last_row\">\n<div  class=\"col-sm-12  single\">\n<div data-field-wrapper=\"fld_6380672\" class=\"form-group\" id=\"fld_6380672_1-wrap\">\n<div class=\"\">\n\t<input  class=\"btn btn-default\" type=\"submit\" name=\"fld_6380672\" id=\"fld_6380672_1\" value=\"Soumettre\" data-field=\"fld_6380672\"  >\n<\/div>\n<\/div>\n<p>\t<input class=\"button_trigger_1\" type=\"hidden\" name=\"fld_6380672\" id=\"fld_6380672_1_btn\" value=\"\" data-field=\"fld_6380672\"  \/>\n<\/div>\n<\/div>\n<input type=\"hidden\" name=\"trp-form-language\" value=\"fr\"\/><\/form>\n<\/div>\n<\/div>\n<\/div>\n<\/div>\n<\/div>\n<\/div>\n<\/section>","protected":false},"excerpt":{"rendered":"<p>Apply For Internship Name Name * Date of Birth * Email * Nationality * Country of Residence * Phone Number * How did you hear about this programme? * Facebook, other social media, job listing website, word of mouth, other. Internship position * Communications and Marketing Project Development Empowerment Development Child Protection Education and Teaching [&hellip;]<\/p>","protected":false},"author":162,"featured_media":0,"parent":0,"menu_order":0,"comment_status":"closed","ping_status":"closed","template":"","meta":{"_et_pb_use_builder":"","_et_pb_old_content":"","_et_gb_content_width":"","footnotes":""},"class_list":["post-30763","page","type-page","status-publish","hentry"],"yoast_head":"<!-- This site is optimized with the Yoast SEO plugin v25.2 - https:\/\/yoast.com\/wordpress\/plugins\/seo\/ -->\n<title>Apply for Internship - SBO - D\u00e9veloppement Durable &amp; Aide Humanitaire<\/title>\n<meta name=\"robots\" content=\"index, follow, max-snippet:-1, max-image-preview:large, max-video-preview:-1\" \/>\n<link rel=\"canonical\" href=\"https:\/\/sboverseas.org\/fr\/apply-for-internship\/\" \/>\n<meta property=\"og:locale\" content=\"fr_FR\" \/>\n<meta property=\"og:type\" content=\"article\" \/>\n<meta property=\"og:title\" content=\"Apply for Internship - SBO - D\u00e9veloppement Durable &amp; Aide Humanitaire\" \/>\n<meta property=\"og:description\" content=\"Apply For Internship Name Name * Date of Birth * Email * Nationality * Country of Residence * Phone Number * How did you hear about this programme? * Facebook, other social media, job listing website, word of mouth, other. Internship position * Communications and Marketing Project Development Empowerment Development Child Protection Education and Teaching [&hellip;]\" \/>\n<meta property=\"og:url\" content=\"https:\/\/sboverseas.org\/fr\/apply-for-internship\/\" \/>\n<meta property=\"og:site_name\" content=\"SBO - D\u00e9veloppement Durable &amp; Aide Humanitaire\" \/>\n<meta property=\"article:modified_time\" content=\"2022-06-28T18:45:38+00:00\" \/>\n<meta name=\"twitter:card\" content=\"summary_large_image\" \/>\n<meta name=\"twitter:label1\" content=\"Dur\u00e9e de lecture est.\" \/>\n\t<meta name=\"twitter:data1\" content=\"1 minute\" \/>\n<script type=\"application\/ld+json\" class=\"yoast-schema-graph\">{\"@context\":\"https:\/\/schema.org\",\"@graph\":[{\"@type\":\"WebPage\",\"@id\":\"https:\/\/sboverseas.org\/apply-for-internship\/\",\"url\":\"https:\/\/sboverseas.org\/apply-for-internship\/\",\"name\":\"Apply for Internship - SBO - D\u00e9veloppement Durable &amp; Aide Humanitaire\",\"isPartOf\":{\"@id\":\"https:\/\/sboverseas.org\/#website\"},\"datePublished\":\"2021-12-15T21:50:54+00:00\",\"dateModified\":\"2022-06-28T18:45:38+00:00\",\"inLanguage\":\"fr-BE\",\"potentialAction\":[{\"@type\":\"ReadAction\",\"target\":[\"https:\/\/sboverseas.org\/apply-for-internship\/\"]}]},{\"@type\":\"WebSite\",\"@id\":\"https:\/\/sboverseas.org\/#website\",\"url\":\"https:\/\/sboverseas.org\/\",\"name\":\"SBO - D\u00e9veloppement Durable &amp; Aide Humanitaire\",\"description\":\"Give Hope\",\"potentialAction\":[{\"@type\":\"SearchAction\",\"target\":{\"@type\":\"EntryPoint\",\"urlTemplate\":\"https:\/\/sboverseas.org\/?s={search_term_string}\"},\"query-input\":{\"@type\":\"PropertyValueSpecification\",\"valueRequired\":true,\"valueName\":\"search_term_string\"}}],\"inLanguage\":\"fr-BE\"}]}<\/script>\n<!-- \/ Yoast SEO plugin. -->","yoast_head_json":{"title":"Apply for Internship - SBO - D\u00e9veloppement Durable &amp; Aide Humanitaire","robots":{"index":"index","follow":"follow","max-snippet":"max-snippet:-1","max-image-preview":"max-image-preview:large","max-video-preview":"max-video-preview:-1"},"canonical":"https:\/\/sboverseas.org\/fr\/apply-for-internship\/","og_locale":"fr_FR","og_type":"article","og_title":"Apply for Internship - SBO - D\u00e9veloppement Durable &amp; Aide Humanitaire","og_description":"Apply For Internship Name Name * Date of Birth * Email * Nationality * Country of Residence * Phone Number * How did you hear about this programme? * Facebook, other social media, job listing website, word of mouth, other. Internship position * Communications and Marketing Project Development Empowerment Development Child Protection Education and Teaching [&hellip;]","og_url":"https:\/\/sboverseas.org\/fr\/apply-for-internship\/","og_site_name":"SBO - D\u00e9veloppement Durable &amp; Aide Humanitaire","article_modified_time":"2022-06-28T18:45:38+00:00","twitter_card":"summary_large_image","twitter_misc":{"Dur\u00e9e de lecture est.":"1 minute"},"schema":{"@context":"https:\/\/schema.org","@graph":[{"@type":"WebPage","@id":"https:\/\/sboverseas.org\/apply-for-internship\/","url":"https:\/\/sboverseas.org\/apply-for-internship\/","name":"Apply for Internship - SBO - D\u00e9veloppement Durable &amp; Aide Humanitaire","isPartOf":{"@id":"https:\/\/sboverseas.org\/#website"},"datePublished":"2021-12-15T21:50:54+00:00","dateModified":"2022-06-28T18:45:38+00:00","inLanguage":"fr-BE","potentialAction":[{"@type":"ReadAction","target":["https:\/\/sboverseas.org\/apply-for-internship\/"]}]},{"@type":"WebSite","@id":"https:\/\/sboverseas.org\/#website","url":"https:\/\/sboverseas.org\/","name":"SBO - D\u00e9veloppement Durable &amp; Aide Humanitaire","description":"Give Hope","potentialAction":[{"@type":"SearchAction","target":{"@type":"EntryPoint","urlTemplate":"https:\/\/sboverseas.org\/?s={search_term_string}"},"query-input":{"@type":"PropertyValueSpecification","valueRequired":true,"valueName":"search_term_string"}}],"inLanguage":"fr-BE"}]}},"_links":{"self":[{"href":"https:\/\/sboverseas.org\/fr\/wp-json\/wp\/v2\/pages\/30763","targetHints":{"allow":["GET"]}}],"collection":[{"href":"https:\/\/sboverseas.org\/fr\/wp-json\/wp\/v2\/pages"}],"about":[{"href":"https:\/\/sboverseas.org\/fr\/wp-json\/wp\/v2\/types\/page"}],"author":[{"embeddable":true,"href":"https:\/\/sboverseas.org\/fr\/wp-json\/wp\/v2\/users\/162"}],"replies":[{"embeddable":true,"href":"https:\/\/sboverseas.org\/fr\/wp-json\/wp\/v2\/comments?post=30763"}],"version-history":[{"count":4,"href":"https:\/\/sboverseas.org\/fr\/wp-json\/wp\/v2\/pages\/30763\/revisions"}],"predecessor-version":[{"id":31550,"href":"https:\/\/sboverseas.org\/fr\/wp-json\/wp\/v2\/pages\/30763\/revisions\/31550"}],"wp:attachment":[{"href":"https:\/\/sboverseas.org\/fr\/wp-json\/wp\/v2\/media?parent=30763"}],"curies":[{"name":"wp","href":"https:\/\/api.w.org\/{rel}","templated":true}]}}