{"id":1509,"date":"2021-10-08T11:35:35","date_gmt":"2021-10-08T11:35:35","guid":{"rendered":"https:\/\/sboverseas.org\/?page_id=1509"},"modified":"2021-12-22T14:00:23","modified_gmt":"2021-12-22T14:00:23","slug":"volunteer","status":"publish","type":"page","link":"https:\/\/sboverseas.org\/fr\/volunteer\/","title":{"rendered":"B\u00e9n\u00e9volat"},"content":{"rendered":"<style type=\"text\/css\">@media only screen and (min-width: 1000px) and (max-width: 5000px){body.kc-css-system .kc-css-393199{width: 42.03%;}body.kc-css-system .kc-css-834158{width: 57.96%;}}body.kc-css-system .kc-css-181183 .kc-container{max-width: 90%;}body.kc-css-system .kc-css-181183{background: linear-gradient(rgba(255, 255, 255, 0.70), rgba(255, 255, 255, 0.70)), transparent url(https:\/\/sboverseas.org\/wp-admin\/admin-ajax.php?action=kc_get_thumbn&type=filter_url&id=%2Fwp-content%2Fuploads%2F2021%2F12%2F8.jpg) center center\/cover no-repeat scroll;padding-top: 50px;padding-right: 100px;padding-left: 100px;}body.kc-css-system .kc-css-48131.kc_title,body.kc-css-system .kc-css-48131 .kc_title,body.kc-css-system .kc-css-48131 .kc_title a.kc_title_link{color: #484949;font-size: 25px;font-weight: 500;text-align: center;margin-bottom: 50px;}body.kc-css-system .kc-css-298841 ,body.kc-css-system .kc-css-298841 p{font-size: 16px;font-weight: 300;}body.kc-css-system .kc-css-399286 ,body.kc-css-system .kc-css-399286 p{font-size: 16px;font-weight: 300;}body.kc-css-system .kc-css-399286 p{margin-top: 20px;}body.kc-css-system .kc-css-896457 .content-position{color: #484949;font-size: 13px;text-transform: uppercase;padding-bottom: 10px;}body.kc-css-system .kc-css-896457{margin-top: 20px;}body.kc-css-system .kc-css-834158{padding-left: 50px;}body.kc-css-system .kc-css-20385{margin-bottom: 35px;}body.kc-css-system .kc-css-580678.kc_title,body.kc-css-system .kc-css-580678 .kc_title,body.kc-css-system .kc-css-580678 .kc_title a.kc_title_link{color: #484949;font-size: 18px;font-weight: 700;}body.kc-css-system .kc-css-359332 .kc-text-animate{color: #484949;font-size: 17px;font-weight: 300;}body.kc-css-system .kc-css-119266 .kc-text-animate{color: #484949;font-size: 17px;font-weight: 300;}body.kc-css-system .kc-css-89602 .kc-text-animate{color: #484949;font-size: 17px;font-weight: 300;}body.kc-css-system .kc-css-250159 ,body.kc-css-system .kc-css-250159 p{font-size: 16px;font-weight: 300;}body.kc-css-system .kc-css-250159 p{margin-top: 20px;}body.kc-css-system .kc-css-88970 .kc-dual-button-one a{border-radius: 3px 3px 3px 3px;}body.kc-css-system .kc-css-88970 .kc-dual-button-one a:hover{background: #4f4f4f;}body.kc-css-system .kc-css-88970 .kc-dual-button-two a:hover{background: #006daf;border-radius: 3px 3px 3px 3px;}body.kc-css-system .kc-css-561890 ,body.kc-css-system .kc-css-561890 p{font-size: 16px;font-weight: 300;}body.kc-css-system .kc-css-561890 p{margin-top: 50px;}<\/style>\n<section data-kc-equalheight=\"true\" data-kc-equalheight-align=\"middle\" class=\"kc-elm kc-css-181183 kc_row\">\n<div class=\"kc-row-container  kc-container\">\n<div class=\"kc-wrap-columns\">\n<div class=\"kc-elm kc-css-393199 kc_col-sm-5 kc_column kc_col-sm-5\">\n<div class=\"kc-col-container\">\n<div class=\"kc-elm kc-css-48131 kc-animated kc-animate-eff-bounceIn kc-title-wrap\">\n<h1 class=\"kc_title\">B\u00e9n\u00e9vole avec SB Espoir<\/h1>\n<\/div>\n<div class=\"kc-elm kc-css-298841 kc-animated kc-animate-eff-bounceInLeft kc_text_block\">\n<p class=\"MsoListParagraphCxSpFirst\" style=\"margin-left: 0in; mso-add-space: auto;\">Les volontaires participent activement aux activit\u00e9s de soutien psychosocial, aux ateliers de comp\u00e9tences de vie et aux exp\u00e9riences culturelles men\u00e9es dans les centres d&#039;h\u00e9bergement ou autour de Bruxelles.<\/p>\n<p class=\"MsoListParagraphCxSpMiddle\" style=\"margin-left: 0in; mso-add-space: auto;\">Vous avez des questions ? Veuillez envoyer vos questions \u00e0 Volunteers@sboverseas.org<\/p>\n<p class=\"MsoListParagraphCxSpMiddle\" style=\"margin-left: 0in; mso-add-space: auto;\">Lisez les t\u00e9moignages de certains de nos merveilleux b\u00e9n\u00e9voles SB Espoir ainsi que notre reportage dans Brussels Express.<\/p>\n<p class=\"MsoListParagraphCxSpLast\" style=\"margin-left: 0in; mso-add-space: auto;\">Les candidatures pour rejoindre SB Espoir en tant que b\u00e9n\u00e9vole sont actuellement ferm\u00e9es pour le cycle de janvier \u00e0 mars 2020. Veuillez revenir ici en mars pour obtenir des informations sur le cycle de recrutement suivant.<\/p>\n<\/div>\n<div class=\"kc-elm kc-css-399286 kc-animated kc-animate-eff-bounceInLeft kc_text_block\">\n<p>Lisez les t\u00e9moignages de certains de nos merveilleux b\u00e9n\u00e9voles SB Espoir ainsi que notre reportage dans Brussels Express.<\/p>\n<p>Les candidatures pour rejoindre SB Espoir en tant que b\u00e9n\u00e9vole sont actuellement ferm\u00e9es pour le cycle de janvier \u00e0 mars 2020. Veuillez revenir ici en mars pour obtenir des informations sur le cycle de recrutement suivant.<\/p>\n<\/div>\n<div class=\"kc-elm kc-css-896457 kc-animated kc-animate-eff-tada kc-animate-delay-1000 kc-feature-boxes kc-fb-layout-2\">\n<figure class=\"content-image\"><img decoding=\"async\" src=\"https:\/\/sboverseas.org\/wp-content\/uploads\/2021\/12\/WhatsApp-Image-2018-10-23-at-09.01.404-e1549042572963.jpeg\" alt=\"\"><\/figure>\n<div class=\"content-title\">Stagiaire chez SB<\/div>\n<div class=\"content-desc\">Become part of the SB Espoir team to provide help to people in need, worthwhile causes, and the community while learning valuable skills as an SB intern.<\/p>\n<p>SB Overseas proposes multiple internships positions at its headquarters in Brussels on a wide basis of roles, such as project development, communications and digital fundraising, with minimum commitments of 3 months. We also provide opportunities for young individuals to participate through Eurodyss\u00e9e, Erasmus +, and the European Solidarity Corps.<\/p><\/div>\n<\/div>\n<\/div>\n<\/div>\n<div class=\"kc-elm kc-css-834158 kc_col-sm-7 kc_column kc_col-sm-7\">\n<div class=\"kc-col-container\">\n<div class=\"kc-elm kc-css-20385 kc-animated kc-animate-eff-zoomIn kc_shortcode kc_single_image\">\n<p>        <img decoding=\"async\" src=\"https:\/\/sboverseas.org\/wp-content\/uploads\/2021\/12\/IMG_9458-Large-700x467.jpg\" class=\"\" alt=\"\" \/>    <\/div>\n<div class=\"kc-elm kc-css-580678 kc-animated kc-animate-eff-bounceIn kc-title-wrap\">\n<h1 class=\"kc_title\">Le programme de volontariat est \u00e0 temps partiel. Pour participer, nous exigeons que les b\u00e9n\u00e9voles doivent :<\/h1>\n<\/div>\n<div class=\"kc-elm kc-css-359332 kc-animated kc-animate-eff-bounceInLeft kc-text-animations\">\n<div class=\"kc-text-animate kc-text-ani\" data-loop=\"false\" data-timedelay=\"0\" data-in-effect=\"fadeInLeftBig\" data-in-sequence=\"true\" data-out-effect=\"bounceOut\" data-out-reverse=\"true\">&#8211; commit for 3 month<\/div>\n<\/p><\/div>\n<div class=\"kc-elm kc-css-119266 kc-animated kc-animate-eff-bounceInLeft kc-animate-delay-200 kc-text-animations\">\n<div class=\"kc-text-animate kc-text-ani\" data-loop=\"false\" data-timedelay=\"0\" data-in-effect=\"fadeInLeftBig\" data-in-sequence=\"true\" data-out-effect=\"bounceOut\" data-out-reverse=\"true\">&#8211; be able to volunteer with us for at least two weekend afternoons per month<\/div>\n<\/p><\/div>\n<div class=\"kc-elm kc-css-89602 kc-animated kc-animate-eff-bounceInLeft kc-animate-delay-400 kc-text-animations\">\n<div class=\"kc-text-animate kc-text-ani\" data-loop=\"false\" data-timedelay=\"10000\" data-in-effect=\"fadeInLeftBig\" data-in-sequence=\"true\" data-out-effect=\"bounceOut\" data-out-reverse=\"true\">&#8211; have a working knowledge of either English and\/or French.<\/div>\n<\/p><\/div>\n<div class=\"kc-elm kc-css-250159 kc-animated kc-animate-eff-bounceInLeft kc-animate-delay-1500 kc_text_block\">\n<p class=\"MsoListParagraph\" style=\"margin-left: 0in; mso-add-space: auto;\">Une exp\u00e9rience de travail avec des jeunes et\/ou de travail dans un milieu de r\u00e9fugi\u00e9s est tr\u00e8s appr\u00e9ci\u00e9e. Les personnes qui parlent espagnol, pashto, dari\/farsi, arabe et kurde sont encourag\u00e9es \u00e0 postuler.<\/p>\n<\/div>\n<div class=\"kc-elm kc-css-88970 kc-animated kc-animate-eff-bounceIn kc-dual-button\">\n<div class=\"kc-dual-button-wrap\">\n<div class=\"kc-dual-button-one\">\n\t\t\t\t\t\t<a href=\"https:\/\/docs.google.com\/forms\/d\/e\/1FAIpQLSexAirvB-jDPEW5uWGkipLK9oTmJDl7ZVMl9CIPnhEUdSm0AA\/closedform\" target=\"_blank\" title=\"Appliquer\"><br \/>\n\t\t\t\t\t\t\tAppliquer\t\t\t\t\t\t<\/a><\/p>\n<div class=\"kc-middle-text\">\n\t\t\t\t\t\t\t\t\t\t\t\t\t\t\t\t\t<i class=\"fa-info\"><\/i>\n\t\t\t\t\t\t\t\t\t\t\t\t\t\t\t<\/div>\n<\/p><\/div>\n<div class=\"kc-dual-button-two\">\n\t\t\t\t\t\t<a href=\"https:\/\/drive.google.com\/file\/d\/1LbCs96iFcfC0RfSwYS4FgrDTv_Kw-9TE\/view\" target=\"_blank\" title=\"Fiche d&#039;information\"><br \/>\n\t\t\t\t\t\t\tFiche d&#039;information\t\t\t\t\t\t<\/a>\n\t\t\t\t\t<\/div>\n<\/p><\/div>\n<\/p><\/div>\n<div class=\"kc-elm kc-css-561890 kc-animated kc-animate-eff-bounceInRight kc-animate-delay-1500 kc_text_block\">\n<p class=\"MsoListParagraphCxSpFirst\" style=\"margin-left: 0in; mso-add-space: auto;\">B\u00e9n\u00e9voles<br \/>\nparticipent activement aux activit\u00e9s de soutien psychosocial, aux comp\u00e9tences de vie<br \/>\nateliers et exp\u00e9riences culturelles men\u00e9s dans les centres d&#039;h\u00e9bergement ou<br \/>\nautour de Bruxelles.<\/p>\n<p class=\"MsoListParagraphCxSpLast\" style=\"margin-left: 0in; mso-add-space: auto;\"><b>Vous avez des questions ?<\/b> Veuillez envoyer vos questions \u00e0 Volunteers@sboverseas.org<\/p>\n<p class=\"MsoListParagraphCxSpLast\" style=\"margin-left: 0in; mso-add-space: auto;\"><span style=\"font-weight: 600;\">Int\u00e9ress\u00e9?<\/span>\u00a0Consultez notre page emplois pour trouver les postes vacants ou envoyez-nous votre CV et une courte lettre de motivation \u00e0\u00a0<a href=\"mailto:jobs@sboverseas.org\"><span style=\"color: windowtext; text-decoration-line: none;\">jobs@sboverseas.org<\/span><\/a><\/p>\n<\/div>\n<\/div>\n<\/div>\n<\/div>\n<\/div>\n<\/section>","protected":false},"excerpt":{"rendered":"<p>Volunteer with SB Espoir Volunteers are active participants in the psychosocial support activities, life skills workshops and cultural experiences conducted at the accommodation centres or around Brussels. Got any questions? Please send your queries to volunteers@sboverseas.org Read the testimonials from some of our wonderful SB Espoir volunteers and also our feature in Brussels Express. Applications [&hellip;]<\/p>","protected":false},"author":162,"featured_media":0,"parent":0,"menu_order":0,"comment_status":"closed","ping_status":"closed","template":"","meta":{"_et_pb_use_builder":"","_et_pb_old_content":"","_et_gb_content_width":"","footnotes":""},"class_list":["post-1509","page","type-page","status-publish","hentry"],"yoast_head":"<!-- This site is optimized with the Yoast SEO plugin v25.2 - https:\/\/yoast.com\/wordpress\/plugins\/seo\/ -->\n<title>Volunteer - SBO - D\u00e9veloppement Durable &amp; Aide Humanitaire<\/title>\n<meta name=\"robots\" content=\"index, follow, max-snippet:-1, max-image-preview:large, max-video-preview:-1\" \/>\n<link rel=\"canonical\" href=\"https:\/\/sboverseas.org\/fr\/volunteer\/\" \/>\n<meta property=\"og:locale\" content=\"fr_FR\" \/>\n<meta property=\"og:type\" content=\"article\" \/>\n<meta property=\"og:title\" content=\"Volunteer - SBO - D\u00e9veloppement Durable &amp; Aide Humanitaire\" \/>\n<meta property=\"og:description\" content=\"Volunteer with SB Espoir Volunteers are active participants in the psychosocial support activities, life skills workshops and cultural experiences conducted at the accommodation centres or around Brussels. Got any questions? Please send your queries to volunteers@sboverseas.org Read the testimonials from some of our wonderful SB Espoir volunteers and also our feature in Brussels Express. Applications [&hellip;]\" \/>\n<meta property=\"og:url\" content=\"https:\/\/sboverseas.org\/fr\/volunteer\/\" \/>\n<meta property=\"og:site_name\" content=\"SBO - D\u00e9veloppement Durable &amp; Aide Humanitaire\" \/>\n<meta property=\"article:modified_time\" content=\"2021-12-22T14:00:23+00:00\" \/>\n<meta property=\"og:image\" content=\"https:\/\/sboverseas.org\/wp-content\/uploads\/2021\/12\/WhatsApp-Image-2018-10-23-at-09.01.404-e1549042572963.jpeg\" \/>\n<meta name=\"twitter:card\" content=\"summary_large_image\" \/>\n<meta name=\"twitter:label1\" content=\"Dur\u00e9e de lecture est.\" \/>\n\t<meta name=\"twitter:data1\" content=\"2 minutes\" \/>\n<script type=\"application\/ld+json\" class=\"yoast-schema-graph\">{\"@context\":\"https:\/\/schema.org\",\"@graph\":[{\"@type\":\"WebPage\",\"@id\":\"https:\/\/sboverseas.org\/volunteer\/\",\"url\":\"https:\/\/sboverseas.org\/volunteer\/\",\"name\":\"Volunteer - SBO - D\u00e9veloppement Durable &amp; Aide Humanitaire\",\"isPartOf\":{\"@id\":\"https:\/\/sboverseas.org\/#website\"},\"primaryImageOfPage\":{\"@id\":\"https:\/\/sboverseas.org\/volunteer\/#primaryimage\"},\"image\":{\"@id\":\"https:\/\/sboverseas.org\/volunteer\/#primaryimage\"},\"thumbnailUrl\":\"https:\/\/sboverseas.org\/wp-content\/uploads\/2021\/12\/WhatsApp-Image-2018-10-23-at-09.01.404-e1549042572963.jpeg\",\"datePublished\":\"2021-10-08T11:35:35+00:00\",\"dateModified\":\"2021-12-22T14:00:23+00:00\",\"inLanguage\":\"fr-BE\",\"potentialAction\":[{\"@type\":\"ReadAction\",\"target\":[\"https:\/\/sboverseas.org\/volunteer\/\"]}]},{\"@type\":\"ImageObject\",\"inLanguage\":\"fr-BE\",\"@id\":\"https:\/\/sboverseas.org\/volunteer\/#primaryimage\",\"url\":\"https:\/\/sboverseas.org\/wp-content\/uploads\/2021\/12\/WhatsApp-Image-2018-10-23-at-09.01.404-e1549042572963.jpeg\",\"contentUrl\":\"https:\/\/sboverseas.org\/wp-content\/uploads\/2021\/12\/WhatsApp-Image-2018-10-23-at-09.01.404-e1549042572963.jpeg\"},{\"@type\":\"WebSite\",\"@id\":\"https:\/\/sboverseas.org\/#website\",\"url\":\"https:\/\/sboverseas.org\/\",\"name\":\"SBO - D\u00e9veloppement Durable &amp; Aide Humanitaire\",\"description\":\"Give Hope\",\"potentialAction\":[{\"@type\":\"SearchAction\",\"target\":{\"@type\":\"EntryPoint\",\"urlTemplate\":\"https:\/\/sboverseas.org\/?s={search_term_string}\"},\"query-input\":{\"@type\":\"PropertyValueSpecification\",\"valueRequired\":true,\"valueName\":\"search_term_string\"}}],\"inLanguage\":\"fr-BE\"}]}<\/script>\n<!-- \/ Yoast SEO plugin. -->","yoast_head_json":{"title":"Volunteer - SBO - D\u00e9veloppement Durable &amp; Aide Humanitaire","robots":{"index":"index","follow":"follow","max-snippet":"max-snippet:-1","max-image-preview":"max-image-preview:large","max-video-preview":"max-video-preview:-1"},"canonical":"https:\/\/sboverseas.org\/fr\/volunteer\/","og_locale":"fr_FR","og_type":"article","og_title":"Volunteer - SBO - D\u00e9veloppement Durable &amp; Aide Humanitaire","og_description":"Volunteer with SB Espoir Volunteers are active participants in the psychosocial support activities, life skills workshops and cultural experiences conducted at the accommodation centres or around Brussels. Got any questions? Please send your queries to volunteers@sboverseas.org Read the testimonials from some of our wonderful SB Espoir volunteers and also our feature in Brussels Express. Applications [&hellip;]","og_url":"https:\/\/sboverseas.org\/fr\/volunteer\/","og_site_name":"SBO - D\u00e9veloppement Durable &amp; Aide Humanitaire","article_modified_time":"2021-12-22T14:00:23+00:00","og_image":[{"url":"https:\/\/sboverseas.org\/wp-content\/uploads\/2021\/12\/WhatsApp-Image-2018-10-23-at-09.01.404-e1549042572963.jpeg","type":"","width":"","height":""}],"twitter_card":"summary_large_image","twitter_misc":{"Dur\u00e9e de lecture est.":"2 minutes"},"schema":{"@context":"https:\/\/schema.org","@graph":[{"@type":"WebPage","@id":"https:\/\/sboverseas.org\/volunteer\/","url":"https:\/\/sboverseas.org\/volunteer\/","name":"Volunteer - SBO - D\u00e9veloppement Durable &amp; Aide Humanitaire","isPartOf":{"@id":"https:\/\/sboverseas.org\/#website"},"primaryImageOfPage":{"@id":"https:\/\/sboverseas.org\/volunteer\/#primaryimage"},"image":{"@id":"https:\/\/sboverseas.org\/volunteer\/#primaryimage"},"thumbnailUrl":"https:\/\/sboverseas.org\/wp-content\/uploads\/2021\/12\/WhatsApp-Image-2018-10-23-at-09.01.404-e1549042572963.jpeg","datePublished":"2021-10-08T11:35:35+00:00","dateModified":"2021-12-22T14:00:23+00:00","inLanguage":"fr-BE","potentialAction":[{"@type":"ReadAction","target":["https:\/\/sboverseas.org\/volunteer\/"]}]},{"@type":"ImageObject","inLanguage":"fr-BE","@id":"https:\/\/sboverseas.org\/volunteer\/#primaryimage","url":"https:\/\/sboverseas.org\/wp-content\/uploads\/2021\/12\/WhatsApp-Image-2018-10-23-at-09.01.404-e1549042572963.jpeg","contentUrl":"https:\/\/sboverseas.org\/wp-content\/uploads\/2021\/12\/WhatsApp-Image-2018-10-23-at-09.01.404-e1549042572963.jpeg"},{"@type":"WebSite","@id":"https:\/\/sboverseas.org\/#website","url":"https:\/\/sboverseas.org\/","name":"SBO - D\u00e9veloppement Durable &amp; Aide Humanitaire","description":"Give Hope","potentialAction":[{"@type":"SearchAction","target":{"@type":"EntryPoint","urlTemplate":"https:\/\/sboverseas.org\/?s={search_term_string}"},"query-input":{"@type":"PropertyValueSpecification","valueRequired":true,"valueName":"search_term_string"}}],"inLanguage":"fr-BE"}]}},"_links":{"self":[{"href":"https:\/\/sboverseas.org\/fr\/wp-json\/wp\/v2\/pages\/1509","targetHints":{"allow":["GET"]}}],"collection":[{"href":"https:\/\/sboverseas.org\/fr\/wp-json\/wp\/v2\/pages"}],"about":[{"href":"https:\/\/sboverseas.org\/fr\/wp-json\/wp\/v2\/types\/page"}],"author":[{"embeddable":true,"href":"https:\/\/sboverseas.org\/fr\/wp-json\/wp\/v2\/users\/162"}],"replies":[{"embeddable":true,"href":"https:\/\/sboverseas.org\/fr\/wp-json\/wp\/v2\/comments?post=1509"}],"version-history":[{"count":0,"href":"https:\/\/sboverseas.org\/fr\/wp-json\/wp\/v2\/pages\/1509\/revisions"}],"wp:attachment":[{"href":"https:\/\/sboverseas.org\/fr\/wp-json\/wp\/v2\/media?parent=1509"}],"curies":[{"name":"wp","href":"https:\/\/api.w.org\/{rel}","templated":true}]}}