{"id":1508,"date":"2021-10-08T11:35:35","date_gmt":"2021-10-08T11:35:35","guid":{"rendered":"https:\/\/sboverseas.org\/?page_id=1508"},"modified":"2021-12-22T10:25:12","modified_gmt":"2021-12-22T10:25:12","slug":"internship-program-2","status":"publish","type":"page","link":"https:\/\/sboverseas.org\/fr\/internship-program-2\/","title":{"rendered":"Programme de stages"},"content":{"rendered":"<style type=\"text\/css\">@media only screen and (min-width: 1000px) and (max-width: 5000px){body.kc-css-system .kc-css-482704{width: 49.84%;}body.kc-css-system .kc-css-547560{width: 50.13%;}body.kc-css-system .kc-css-807361{width: 50%;}body.kc-css-system .kc-css-300682{width: 50%;}}body.kc-css-system .kc-css-80095 .kc-container{max-width: 80%;}body.kc-css-system .kc-css-80095{background: transparent url(https:\/\/sboverseas.org\/wp-content\/uploads\/2021\/12\/2-2.jpg) center center\/cover no-repeat scroll !important;padding: 100px 50px 60px 50px;width: 100%;}body.kc-css-system .kc-css-482704{padding-right: 40px;}body.kc-css-system .kc-css-197915 ,body.kc-css-system .kc-css-197915 p{color: #494848;font-size: 18px;font-weight: 300;}body.kc-css-system .kc-css-439033 .kc_button{font-size: 20px;font-weight: 400;width: 250px;border-radius: 3px 3px 3px 3px;margin-top: 50px;}body.kc-css-system .kc-css-439033{text-align: center;}body.kc-css-system .kc-css-439033 .kc_button:hover{background-color: #ffffff;}body.kc-css-system .kc-css-569679 ,body.kc-css-system .kc-css-569679 p{font-size: 16px;font-weight: 300;}body.kc-css-system .kc-css-569679 p{margin-top: 20px;}body.kc-css-system .kc-css-759624 .kc_button{font-size: 20px;font-weight: 400;width: 250px;border-radius: 3px 3px 3px 3px;margin-top: 20px;margin-bottom: 0px;}body.kc-css-system .kc-css-759624{text-align: center;}body.kc-css-system .kc-css-759624 .kc_button:hover{background-color: #ffffff;}body.kc-css-system .kc-css-547560{padding-left: 20px;}body.kc-css-system .kc-css-579248 .kc-container{max-width: 100%;}body.kc-css-system .kc-css-579248{padding: 50px 100px 50px 100px;}body.kc-css-system .kc-css-259327 ,body.kc-css-system .kc-css-259327 p{font-size: 18px;font-weight: 400;}<\/style>\n<section data-kc-equalheight=\"true\" data-kc-equalheight-align=\"top\" id=\"OurStory\" data-kc-parallax=\"true\" class=\"kc-elm kc-css-80095 kc_row\" style=\"background-image:url(&#039;https:\/\/sboverseas.org\/wp-content\/uploads\/2021\/08\/91513.jpg&#039;);\">\n<div class=\"kc-row-container  kc-container\">\n<div class=\"kc-wrap-columns\">\n<div class=\"kc-elm kc-css-482704 kc_col-sm-6 kc-animated kc-animate-eff-fadeInLeft kc-animate-speed-3s kc_column kc_col-sm-6\">\n<div class=\"kc-col-container\">\n<div class=\"kc-elm kc-css-934206\">\n<div class=\"kc-elm kc-css-197915 kc_text_block\">\n<p>\n<strong>\u00c0 PROPOS DU PROGRAMME\u00a0:<\/strong><\/p>\n<p>SB OverSeas recherche des stagiaires pour nous rejoindre dans le programme de stages pour 2020.<\/p>\n<p>Le programme de stages au Liban est un programme en trois parties. Tous les stagiaires enseignent un cours par jour aux enfants qui ont besoin d&#039;un enseignement de rattrapage dispens\u00e9 dans nos centres au Liban. Les stagiaires auront des responsabilit\u00e9s de stage primaires et secondaires dont les stagiaires travailleront en \u00e9troite collaboration avec leurs superviseurs assign\u00e9s sur le terrain qui suivront leurs projets, leur progression et effectueront leurs \u00e9valuations. Le stage comprend un cours de langue arabe qui aide \u00e0 am\u00e9liorer la capacit\u00e9 des stagiaires \u00e0 communiquer dans les salles de classe, \u00e0 s&#039;immerger plus rapidement dans la communaut\u00e9 et \u00e0 acqu\u00e9rir la ma\u00eetrise de l&#039;arabe, une comp\u00e9tence essentielle dans le domaine international. Ces cours de langue ont lieu deux fois par semaine et sont adapt\u00e9s \u00e0 leur niveau sp\u00e9cifique. Des certificats de langue sont fournis.<\/p>\n<\/div>\n<\/div>\n<div class=\"kc-elm kc-css-439033\">\n\t<a class=\"kc_button\" href=\"https:\/\/drive.google.com\/open?id=1ZThVH5A4SDU4xC8shjysGuRBnTXWJQ4v\" target=\"_blank\" title=\"\" onclick=\"\"><br \/>\n\t\tFAQ:\t<\/a>\n<\/div>\n<div class=\"kc-elm kc-css-569679 kc_text_block\">\n<p>Vous voulez faire un stage ? Il s&#039;agit d&#039;une opportunit\u00e9 fantastique pour les \u00e9tudiants universitaires, les nouveaux dipl\u00f4m\u00e9s et les professionnels exp\u00e9riment\u00e9s.<\/p>\n<p>Cliquez ci-dessus pour plus d&#039;informations sur le programme et cliquez ci-dessous pour postuler.<\/p>\n<\/div>\n<div class=\"kc-elm kc-css-759624\">\n\t<a class=\"kc_button\" href=\"https:\/\/sboverseas.org\/fr\/apply-for-internship\/\" target=\"_blank\" title=\"Postuler pour un stage\" onclick=\"\"><br \/>\n\t\tAppliquer\t<\/a>\n<\/div>\n<\/div>\n<\/div>\n<div class=\"kc-elm kc-css-547560 kc_col-sm-6 kc-animated kc-animate-eff-zoomIn kc-animate-speed-3s kc_column kc_col-sm-6\">\n<div class=\"kc-col-container\">\n<div class=\"kc-elm kc-css-993395 kc_shortcode kc_single_image\">\n<p>        <img decoding=\"async\" src=\"https:\/\/sboverseas.org\/wp-content\/uploads\/2021\/12\/Copy-of-FB-POST-Lebanon-Internship-post-.jpg\" class=\"\" alt=\"\" \/>    <\/div>\n<\/div>\n<\/div>\n<\/div>\n<\/div>\n<\/section>\n<section data-kc-equalheight=\"true\" data-kc-equalheight-align=\"middle\" class=\"kc-elm kc-css-579248 kc_row\">\n<div class=\"kc-row-container  kc-container\">\n<div class=\"kc-wrap-columns\">\n<div class=\"kc-elm kc-css-807361 kc_col-sm-6 kc_column kc_col-sm-6\">\n<div class=\"kc-col-container\">\n<div class=\"kc-elm kc-css-259327 kc_text_block\">\n<p class=\"MsoListParagraphCxSpFirst\" style=\"margin-left: 0in; mso-add-space: auto;\">Vous souhaitez parrainer un stagiaire ? Si vous \u00eates une universit\u00e9, un autre \u00e9tablissement d&#039;enseignement, une organisation, une entreprise ou un particulier int\u00e9ress\u00e9 par le parrainage de stagiaires au Liban, vous pouvez trouver plus d&#039;informations sur notre programme de parrainage. Cliquez sur le bouton ci-dessous.<\/p>\n<p class=\"MsoListParagraphCxSpLast\" style=\"margin-left: 0in; mso-add-space: auto;\">Si vous avez d&#039;autres questions, contactez-nous au <span class=\"MsoHyperlink\"><a href=\"mailto:hq.intern@sboverseas.org\">hq.intern@sboverseas.org<\/a><\/span><\/p>\n<\/div>\n<\/div>\n<\/div>\n<div class=\"kc-elm kc-css-300682 kc_col-sm-6 kc_column kc_col-sm-6\">\n<div class=\"kc-col-container\">\n<div class=\"kc-elm kc-css-134454 kc_shortcode kc_video_play kc_video_wrapper\" data-video=\"https:\/\/youtu.be\/-yWCfAeTZZw\" data-width=\"600\" data-height=\"338.98305084746\" data-fullwidth=\"\" data-autoplay=\"\" data-loop=\"yes\" data-control=\"yes\" data-related=\"\" data-showinfo=\"\" data-kc-video-mute=\"\">\n\t\t\t<\/div>\n<\/div>\n<\/div>\n<\/div>\n<\/div>\n<\/section>","protected":false},"excerpt":{"rendered":"<p>ABOUT THE PROGRAMME: SB OverSeas is looking for interns to join us in the Internship Programme for 2020. The Lebanon Internship Programme is a three-part programme. All interns teach one class per day\u00a0 to children who need remedial education provided in our centres in Lebanon. The internships will have primary and secondary internship responsibilities of [&hellip;]<\/p>","protected":false},"author":162,"featured_media":0,"parent":0,"menu_order":0,"comment_status":"closed","ping_status":"closed","template":"","meta":{"_et_pb_use_builder":"","_et_pb_old_content":"","_et_gb_content_width":"","footnotes":""},"class_list":["post-1508","page","type-page","status-publish","hentry"],"yoast_head":"<!-- This site is optimized with the Yoast SEO plugin v25.2 - https:\/\/yoast.com\/wordpress\/plugins\/seo\/ -->\n<title>Internship Program - SBO - D\u00e9veloppement Durable &amp; Aide Humanitaire<\/title>\n<meta name=\"robots\" content=\"index, follow, max-snippet:-1, max-image-preview:large, max-video-preview:-1\" \/>\n<link rel=\"canonical\" href=\"https:\/\/sboverseas.org\/fr\/internship-program-2\/\" \/>\n<meta property=\"og:locale\" content=\"fr_FR\" \/>\n<meta property=\"og:type\" content=\"article\" \/>\n<meta property=\"og:title\" content=\"Internship Program - SBO - D\u00e9veloppement Durable &amp; Aide Humanitaire\" \/>\n<meta property=\"og:description\" content=\"ABOUT THE PROGRAMME: SB OverSeas is looking for interns to join us in the Internship Programme for 2020. The Lebanon Internship Programme is a three-part programme. All interns teach one class per day\u00a0 to children who need remedial education provided in our centres in Lebanon. The internships will have primary and secondary internship responsibilities of [&hellip;]\" \/>\n<meta property=\"og:url\" content=\"https:\/\/sboverseas.org\/fr\/internship-program-2\/\" \/>\n<meta property=\"og:site_name\" content=\"SBO - D\u00e9veloppement Durable &amp; Aide Humanitaire\" \/>\n<meta property=\"article:modified_time\" content=\"2021-12-22T10:25:12+00:00\" \/>\n<meta property=\"og:image\" content=\"https:\/\/sboverseas.org\/wp-content\/uploads\/2021\/12\/Copy-of-FB-POST-Lebanon-Internship-post-.jpg\" \/>\n<meta name=\"twitter:card\" content=\"summary_large_image\" \/>\n<meta name=\"twitter:label1\" content=\"Dur\u00e9e de lecture est.\" \/>\n\t<meta name=\"twitter:data1\" content=\"2 minutes\" \/>\n<script type=\"application\/ld+json\" class=\"yoast-schema-graph\">{\"@context\":\"https:\/\/schema.org\",\"@graph\":[{\"@type\":\"WebPage\",\"@id\":\"https:\/\/sboverseas.org\/internship-program-2\/\",\"url\":\"https:\/\/sboverseas.org\/internship-program-2\/\",\"name\":\"Internship Program - SBO - D\u00e9veloppement Durable &amp; Aide Humanitaire\",\"isPartOf\":{\"@id\":\"https:\/\/sboverseas.org\/#website\"},\"primaryImageOfPage\":{\"@id\":\"https:\/\/sboverseas.org\/internship-program-2\/#primaryimage\"},\"image\":{\"@id\":\"https:\/\/sboverseas.org\/internship-program-2\/#primaryimage\"},\"thumbnailUrl\":\"https:\/\/sboverseas.org\/wp-content\/uploads\/2021\/12\/Copy-of-FB-POST-Lebanon-Internship-post-.jpg\",\"datePublished\":\"2021-10-08T11:35:35+00:00\",\"dateModified\":\"2021-12-22T10:25:12+00:00\",\"inLanguage\":\"fr-BE\",\"potentialAction\":[{\"@type\":\"ReadAction\",\"target\":[\"https:\/\/sboverseas.org\/internship-program-2\/\"]}]},{\"@type\":\"ImageObject\",\"inLanguage\":\"fr-BE\",\"@id\":\"https:\/\/sboverseas.org\/internship-program-2\/#primaryimage\",\"url\":\"https:\/\/sboverseas.org\/wp-content\/uploads\/2021\/12\/Copy-of-FB-POST-Lebanon-Internship-post-.jpg\",\"contentUrl\":\"https:\/\/sboverseas.org\/wp-content\/uploads\/2021\/12\/Copy-of-FB-POST-Lebanon-Internship-post-.jpg\"},{\"@type\":\"WebSite\",\"@id\":\"https:\/\/sboverseas.org\/#website\",\"url\":\"https:\/\/sboverseas.org\/\",\"name\":\"SBO - D\u00e9veloppement Durable &amp; Aide Humanitaire\",\"description\":\"Give Hope\",\"potentialAction\":[{\"@type\":\"SearchAction\",\"target\":{\"@type\":\"EntryPoint\",\"urlTemplate\":\"https:\/\/sboverseas.org\/?s={search_term_string}\"},\"query-input\":{\"@type\":\"PropertyValueSpecification\",\"valueRequired\":true,\"valueName\":\"search_term_string\"}}],\"inLanguage\":\"fr-BE\"}]}<\/script>\n<!-- \/ Yoast SEO plugin. -->","yoast_head_json":{"title":"Internship Program - SBO - D\u00e9veloppement Durable &amp; Aide Humanitaire","robots":{"index":"index","follow":"follow","max-snippet":"max-snippet:-1","max-image-preview":"max-image-preview:large","max-video-preview":"max-video-preview:-1"},"canonical":"https:\/\/sboverseas.org\/fr\/internship-program-2\/","og_locale":"fr_FR","og_type":"article","og_title":"Internship Program - SBO - D\u00e9veloppement Durable &amp; Aide Humanitaire","og_description":"ABOUT THE PROGRAMME: SB OverSeas is looking for interns to join us in the Internship Programme for 2020. The Lebanon Internship Programme is a three-part programme. All interns teach one class per day\u00a0 to children who need remedial education provided in our centres in Lebanon. The internships will have primary and secondary internship responsibilities of [&hellip;]","og_url":"https:\/\/sboverseas.org\/fr\/internship-program-2\/","og_site_name":"SBO - D\u00e9veloppement Durable &amp; Aide Humanitaire","article_modified_time":"2021-12-22T10:25:12+00:00","og_image":[{"url":"https:\/\/sboverseas.org\/wp-content\/uploads\/2021\/12\/Copy-of-FB-POST-Lebanon-Internship-post-.jpg","type":"","width":"","height":""}],"twitter_card":"summary_large_image","twitter_misc":{"Dur\u00e9e de lecture est.":"2 minutes"},"schema":{"@context":"https:\/\/schema.org","@graph":[{"@type":"WebPage","@id":"https:\/\/sboverseas.org\/internship-program-2\/","url":"https:\/\/sboverseas.org\/internship-program-2\/","name":"Internship Program - SBO - D\u00e9veloppement Durable &amp; Aide Humanitaire","isPartOf":{"@id":"https:\/\/sboverseas.org\/#website"},"primaryImageOfPage":{"@id":"https:\/\/sboverseas.org\/internship-program-2\/#primaryimage"},"image":{"@id":"https:\/\/sboverseas.org\/internship-program-2\/#primaryimage"},"thumbnailUrl":"https:\/\/sboverseas.org\/wp-content\/uploads\/2021\/12\/Copy-of-FB-POST-Lebanon-Internship-post-.jpg","datePublished":"2021-10-08T11:35:35+00:00","dateModified":"2021-12-22T10:25:12+00:00","inLanguage":"fr-BE","potentialAction":[{"@type":"ReadAction","target":["https:\/\/sboverseas.org\/internship-program-2\/"]}]},{"@type":"ImageObject","inLanguage":"fr-BE","@id":"https:\/\/sboverseas.org\/internship-program-2\/#primaryimage","url":"https:\/\/sboverseas.org\/wp-content\/uploads\/2021\/12\/Copy-of-FB-POST-Lebanon-Internship-post-.jpg","contentUrl":"https:\/\/sboverseas.org\/wp-content\/uploads\/2021\/12\/Copy-of-FB-POST-Lebanon-Internship-post-.jpg"},{"@type":"WebSite","@id":"https:\/\/sboverseas.org\/#website","url":"https:\/\/sboverseas.org\/","name":"SBO - D\u00e9veloppement Durable &amp; Aide Humanitaire","description":"Give Hope","potentialAction":[{"@type":"SearchAction","target":{"@type":"EntryPoint","urlTemplate":"https:\/\/sboverseas.org\/?s={search_term_string}"},"query-input":{"@type":"PropertyValueSpecification","valueRequired":true,"valueName":"search_term_string"}}],"inLanguage":"fr-BE"}]}},"_links":{"self":[{"href":"https:\/\/sboverseas.org\/fr\/wp-json\/wp\/v2\/pages\/1508","targetHints":{"allow":["GET"]}}],"collection":[{"href":"https:\/\/sboverseas.org\/fr\/wp-json\/wp\/v2\/pages"}],"about":[{"href":"https:\/\/sboverseas.org\/fr\/wp-json\/wp\/v2\/types\/page"}],"author":[{"embeddable":true,"href":"https:\/\/sboverseas.org\/fr\/wp-json\/wp\/v2\/users\/162"}],"replies":[{"embeddable":true,"href":"https:\/\/sboverseas.org\/fr\/wp-json\/wp\/v2\/comments?post=1508"}],"version-history":[{"count":0,"href":"https:\/\/sboverseas.org\/fr\/wp-json\/wp\/v2\/pages\/1508\/revisions"}],"wp:attachment":[{"href":"https:\/\/sboverseas.org\/fr\/wp-json\/wp\/v2\/media?parent=1508"}],"curies":[{"name":"wp","href":"https:\/\/api.w.org\/{rel}","templated":true}]}}