{"id":1249,"date":"2021-09-09T20:37:26","date_gmt":"2021-09-09T20:37:26","guid":{"rendered":"https:\/\/sboverseas.org\/?page_id=1249"},"modified":"2023-05-30T15:46:20","modified_gmt":"2023-05-30T13:46:20","slug":"education","status":"publish","type":"page","link":"https:\/\/sboverseas.org\/fr\/what-we-do\/lebanon\/education\/","title":{"rendered":"\u00c9ducation :"},"content":{"rendered":"<p>[et_pb_section admin_label=&#8221;section&#8221;]<br \/>\n\t\t\t[et_pb_row admin_label=&#8221;row&#8221;]<br \/>\n\t\t\t\t[et_pb_column type=&#8221;4_4&#8243;][et_pb_text admin_label=&#8221;Text&#8221;]<\/p>\n<style type=\"text\/css\">@media only screen and (min-width: 1000px) and (max-width: 5000px){body.kc-css-system .kc-css-4092402{width: 60.24%;}body.kc-css-system .kc-css-3039294{width: 39.72%;}body.kc-css-system .kc-css-3259137{width: 66%;}body.kc-css-system .kc-css-740905{width: 34%;}}body.kc-css-system .kc-css-3637088 .kc-container{max-width: 1280px;}body.kc-css-system .kc-css-3637088{color: #000000;padding: 50px 70px 50px 70px;width: 100%;}body.kc-css-system .kc-css-4092402{padding-right: 40px;}body.kc-css-system .kc-css-2484316 ,body.kc-css-system .kc-css-2484316 p{font-size: 16px;font-weight: 300;text-align: left;}body.kc-css-system .kc-css-2484316 p{margin-top: 20px;}body.kc-css-system .kc-css-3039294{padding-left: 20px;}body.kc-css-system .kc-css-1839465 .kc-container{max-width: 1280px;}body.kc-css-system .kc-css-1839465{background: linear-gradient(3540deg, rgba(41, 41, 41, .700), rgba(41, 41, 41, .700)), transparent url(https:\/\/sboverseas.org\/wp-admin\/admin-ajax.php?action=kc_get_thumbn&type=filter_url&id=%2Fwp-content%2Fuploads%2F2021%2F11%2FDSC_7710-Large.jpg) center center\/cover no-repeat scroll;padding-right: 70px;padding-bottom: 50px;padding-left: 70px;height: 350px;}body.kc-css-system .kc-css-3259137{padding-top: 50px;padding-bottom: 50px;}body.kc-css-system .kc-css-2870563 .kc_tabs_nav,body.kc-css-system .kc-css-2870563 .kc_tabs_nav > li a,body.kc-css-system .kc-css-2870563.kc_vertical_tabs>.kc_wrapper>ul.ui-tabs-nav>li>a{font-family: Open Sans;font-size: 16px;font-weight: 700;text-transform: uppercase;}body.kc-css-system .kc-css-2870563 .kc_tabs_nav a,body.kc-css-system .kc-css-2870563 .kc_tabs_nav,body.kc-css-system .kc-css-2870563.kc_vertical_tabs>.kc_wrapper>ul.ui-tabs-nav>li>a{color: #ffffff;}body.kc-css-system .kc-css-2870563 .kc_tabs_nav,body.kc-css-system .kc-css-2870563.kc_vertical_tabs>.kc_wrapper>ul.ui-tabs-nav{background-color: rgba(255, 255, 255, 0);}body.kc-css-system .kc-css-2870563 .kc_tabs_nav > li,body.kc-css-system .kc-css-2870563 .kc_tab.ui-tabs-body-active,body.kc-css-system .kc-css-2870563 .kc_tabs_nav,body.kc-css-system .kc-css-2870563.kc_vertical_tabs>.kc_wrapper>ul.ui-tabs-nav>li,body.kc-css-system .kc-css-2870563.kc_vertical_tabs>.kc_wrapper>ul.ui-tabs-nav ~ div.kc_tab.ui-tabs-body-active,body.kc-css-system .kc-css-2870563.kc_vertical_tabs.tabs_right>.kc_wrapper>ul.ui-tabs-nav ~ div.kc_tab{border-bottom: 5px solid rgba(255, 255, 255, 0);;}body.kc-css-system .kc-css-2870563 .kc_tabs_nav li.ui-tabs-active a,body.kc-css-system .kc-css-2870563.kc_vertical_tabs>.kc_wrapper>ul.ui-tabs-nav>li.ui-tabs-active > a{color: #ffffff;}body.kc-css-system .kc-css-2870563 .kc_tabs_nav > .ui-tabs-active:focus,body.kc-css-system .kc-css-2870563 .kc_tabs_nav > .ui-tabs-active,body.kc-css-system .kc-css-2870563 .kc_tabs_nav > .ui-tabs-active > a,body.kc-css-system .kc-css-2870563.kc_vertical_tabs>.kc_wrapper>ul.ui-tabs-nav>li.ui-tabs-active > a{background-color: rgba(255, 255, 255, 0);}body.kc-css-system .kc-css-2870563 .kc_tab{background-color: rgba(255, 255, 255, 0);}body.kc-css-system .kc-css-1947358{color: #ffffff;font-size: 18px;font-weight: 400;text-align: left;text-transform: none;;border-bottom: 5px solid transparent;}body.kc-css-system .kc-css-1270860 ,body.kc-css-system .kc-css-1270860 p{color: #fffcfc;font-size: 16px;font-weight: 400;}body.kc-css-system .kc-css-1170050{color: #ffffff;font-size: 18px;font-weight: 400;text-align: left;text-transform: none;;border-bottom: 5px solid transparent;}body.kc-css-system .kc-css-795284 ,body.kc-css-system .kc-css-795284 p{color: #fffcfc;font-size: 16px;font-weight: 400;}@media only screen and (max-width: 1024px){body.kc-css-system .kc-css-3637088{padding-right: 20px;padding-left: 20px;}body.kc-css-system .kc-css-2484316 ,body.kc-css-system .kc-css-2484316 p{font-size: 14px;}body.kc-css-system .kc-css-1839465{height: 100%;}}@media only screen and (max-width: 999px){body.kc-css-system .kc-css-2484316 ,body.kc-css-system .kc-css-2484316 p{font-size: 14px;}body.kc-css-system .kc-css-1839465{height: 100%;}}@media only screen and (max-width: 767px){body.kc-css-system .kc-css-2484316 ,body.kc-css-system .kc-css-2484316 p{font-size: 14px;}body.kc-css-system .kc-css-1839465{height: 100%;}}@media only screen and (max-width: 479px){body.kc-css-system .kc-css-2484316 ,body.kc-css-system .kc-css-2484316 p{font-size: 14px;}body.kc-css-system .kc-css-1839465{height: 100%;}}<\/style>\n<section data-kc-equalheight=\"true\" data-kc-equalheight-align=\"middle\" data-kc-parallax=\"true\" class=\"kc-elm kc-css-3637088 kc_row\" style=\"background-image:url(&#039;https:\/\/sboverseas.org\/wp-content\/uploads\/2021\/08\/91513.jpg&#039;);\">\n<div class=\"kc-row-container  kc-container\">\n<div class=\"kc-wrap-columns\">\n<div class=\"kc-elm kc-css-4092402 kc_col-sm-7 kc-animated kc-animate-eff-fadeInLeft kc_column kc_col-sm-7\">\n<div class=\"kc-col-container\">\n<div class=\"kc-elm kc-css-2726419\">\n<div class=\"kc-elm kc-css-2484316 kc_text_block\">\n<p>Notre programme \u00e9ducatif dans les centres repose sur le soutien aux enfants de la communaut\u00e9 entourant le centre avec le programme \u00e9ducatif que les enfants re\u00e7oivent dans les \u00e9coles publiques libanaises, il pr\u00e9pare \u00e9galement les \u00e9l\u00e8ves d\u00e9crocheurs avec le m\u00eame programme qui comprend l&#039;anglais et le fran\u00e7ais, les math\u00e9matiques, les sciences et les comp\u00e9tences de vie qui l&#039;\u00e9l\u00e8ve a besoin de d\u00e9velopper ses aptitudes et ses capacit\u00e9s au sein de la communaut\u00e9 environnante. Et donnez-leur la possibilit\u00e9 de s&#039;inscrire dans les \u00e9coles publiques ou le programme d&#039;\u00e9ducation ALP.<\/p>\n<p>Nous offrons des programmes pour l&#039;\u00e9ducation des enfants de l&#039;\u00e2ge de 4 ans \u00e0 l&#039;\u00e2ge de 14 ans. Il comprend un soutien au programme gouvernemental et un soutien aux enfants qui ont abandonn\u00e9 l&#039;\u00e9cole.<\/p>\n<p>Nous r\u00e9alisons des activit\u00e9s \u00e9ducatives qui aident les enfants \u00e0 d\u00e9velopper toutes leurs capacit\u00e9s mentales et physiques.<\/p>\n<\/div>\n<\/div>\n<\/div>\n<\/div>\n<div class=\"kc-elm kc-css-3039294 kc_col-sm-5 kc-animated kc-animate-eff-zoomIn kc_column kc_col-sm-5\">\n<div class=\"kc-col-container\">\n<div class=\"kc-elm kc-css-4334364 kc_shortcode kc_video_play kc_video_wrapper\" data-video=\"https:\/\/www.youtube.com\/watch?v=FWwhJQxRpbg&amp;feature=emb_title\" data-width=\"600\" data-height=\"338.98305084746\" data-fullwidth=\"\" data-autoplay=\"\" data-loop=\"yes\" data-control=\"yes\" data-related=\"\" data-showinfo=\"\" data-kc-video-mute=\"\">\n\t\t\t<\/div>\n<\/div>\n<\/div>\n<\/div>\n<\/div>\n<\/section>\n<section id=\"sbespoir\" class=\"kc-elm kc-css-1839465 kc_row\">\n<div class=\"kc-row-container  kc-container\">\n<div class=\"kc-wrap-columns\">\n<div id=\"123\" class=\"kc-elm kc-css-3259137 kc_col-sm-8 kc_column kc_col-sm-8\">\n<div class=\"ourstorystyle kc-col-container\">\n<div data-open-on-mouseover=\"\" data-tab-active=\"1\" data-effect-option=\"yes\" class=\"kc-elm kc-css-2870563 kc-animated kc-animate-eff-fadeInLeft kc_tabs group\">\n<div class=\"kc_wrapper ui-tabs kc_clearfix\">\n<ul class=\"kc_tabs_nav ui-tabs-nav kc_clearfix\">\n<li><a href=\"#\" data-prevent=\"scroll\">Missions<\/a><\/li>\n<li><a href=\"#\" data-prevent=\"scroll\">Vision<\/a><\/li>\n<\/ul>\n<div id=\"mission\" class=\"kc-elm kc-css-1947358 kc_tab ui-tabs-panel kc_ui-tabs-hide kc_clearfix\">\n<div class=\"kc_tab_content\">\n<div class=\"kc-elm kc-css-1270860 kc_text_block\">\n<ul>\n<li>Soutenir les enfants non-scolaris\u00e9.es \u00e2g\u00e9.es de 4 \u00e0 14 ans pour am\u00e9liorer leurs chances d'\u00eatre accept\u00e9.es dans une \u00e9cole publique ou un programme d'apprentissage acc\u00e9l\u00e9r\u00e9<\/li>\n<li>Donner aux jeunes et aux femmes les moyens d&#039;am\u00e9liorer leurs comp\u00e9tences et leur situation \u00e9conomique en leur enseignant des comp\u00e9tences acad\u00e9miques et professionnelles<\/li>\n<li>Soutien psychologique pour tous.tes les b\u00e9n\u00e9ficiaires par le biais d'activit\u00e9s en classe, de s\u00e9ances individuelles et de groupe<\/li>\n<\/ul>\n<\/div>\n<\/div>\n<\/div>\n<div id=\"vision\" class=\"kc-elm kc-css-1170050 kc_tab ui-tabs-panel kc_ui-tabs-hide kc_clearfix\">\n<div class=\"kc_tab_content\">\n<div class=\"kc-elm kc-css-795284 kc_text_block\">\n<ul>\n<li>Une g\u00e9n\u00e9ration \u00e9duqu\u00e9e luttant pour un avenir prosp\u00e8re<\/li>\n<li>Des femmes pionni\u00e8res ind\u00e9pendantes qui ont connaissance de leurs droits<\/li>\n<li>Une communaut\u00e9 avec une sant\u00e9 mentale \u00e9lev\u00e9e<\/li>\n<\/ul>\n<\/div>\n<\/div>\n<\/div><\/div>\n<\/div>\n<\/div>\n<\/div>\n<div class=\"kc-elm kc-css-740905 kc_col-sm-4 kc_column kc_col-sm-4\">\n<div class=\"kc-col-container\"><\/div>\n<\/div>\n<\/div>\n<\/div>\n<\/section>\n<p>[\/et_pb_text][\/et_pb_column]<br \/>\n\t\t\t[\/et_pb_row]<br \/>\n\t\t[\/et_pb_section]<\/p>","protected":false},"excerpt":{"rendered":"<p>Our educational program in the centers relays on supporting children in the community surrounding the center with the educational curriculum that children receives in Lebanese public schools, it also prepares dropout students with the same curriculum that includes English and French, mathematics, science and life skills that the student needs to develop his abilities and [&hellip;]<\/p>","protected":false},"author":162,"featured_media":0,"parent":848,"menu_order":0,"comment_status":"closed","ping_status":"closed","template":"","meta":{"_et_pb_use_builder":"on","_et_pb_old_content":"<style type=\"text\/css\">@media only screen and (min-width: 1000px) and (max-width: 5000px){body.kc-css-system .kc-css-4092402{width: 60.24%;}body.kc-css-system .kc-css-3039294{width: 39.72%;}body.kc-css-system .kc-css-3259137{width: 66%;}body.kc-css-system .kc-css-740905{width: 34%;}}body.kc-css-system .kc-css-3637088 .kc-container{max-width: 1280px;}body.kc-css-system .kc-css-3637088{color: #000000;padding: 50px 70px 50px 70px;width: 100%;}body.kc-css-system .kc-css-4092402{padding-right: 40px;}body.kc-css-system .kc-css-2484316 ,body.kc-css-system .kc-css-2484316 p{font-size: 16px;font-weight: 300;text-align: left;}body.kc-css-system .kc-css-2484316 p{margin-top: 20px;}body.kc-css-system .kc-css-3039294{padding-left: 20px;}body.kc-css-system .kc-css-1839465 .kc-container{max-width: 1280px;}body.kc-css-system .kc-css-1839465{background: linear-gradient(3540deg, rgba(41, 41, 41, .700), rgba(41, 41, 41, .700)), transparent url(https:\/\/sboverseas.org\/wp-admin\/admin-ajax.php?action=kc_get_thumbn&type=filter_url&id=%2Fwp-content%2Fuploads%2F2021%2F11%2FDSC_7710-Large.jpg) center center\/cover no-repeat scroll;padding-right: 70px;padding-bottom: 50px;padding-left: 70px;height: 350px;}body.kc-css-system .kc-css-3259137{padding-top: 50px;padding-bottom: 50px;}body.kc-css-system .kc-css-2870563 .kc_tabs_nav,body.kc-css-system .kc-css-2870563 .kc_tabs_nav > li a,body.kc-css-system .kc-css-2870563.kc_vertical_tabs>.kc_wrapper>ul.ui-tabs-nav>li>a{font-family: Open Sans;font-size: 16px;font-weight: 700;text-transform: uppercase;}body.kc-css-system .kc-css-2870563 .kc_tabs_nav a,body.kc-css-system .kc-css-2870563 .kc_tabs_nav,body.kc-css-system .kc-css-2870563.kc_vertical_tabs>.kc_wrapper>ul.ui-tabs-nav>li>a{color: #ffffff;}body.kc-css-system .kc-css-2870563 .kc_tabs_nav,body.kc-css-system .kc-css-2870563.kc_vertical_tabs>.kc_wrapper>ul.ui-tabs-nav{background-color: rgba(255, 255, 255, 0);}body.kc-css-system .kc-css-2870563 .kc_tabs_nav > li,body.kc-css-system .kc-css-2870563 .kc_tab.ui-tabs-body-active,body.kc-css-system .kc-css-2870563 .kc_tabs_nav,body.kc-css-system .kc-css-2870563.kc_vertical_tabs>.kc_wrapper>ul.ui-tabs-nav>li,body.kc-css-system .kc-css-2870563.kc_vertical_tabs>.kc_wrapper>ul.ui-tabs-nav ~ div.kc_tab.ui-tabs-body-active,body.kc-css-system .kc-css-2870563.kc_vertical_tabs.tabs_right>.kc_wrapper>ul.ui-tabs-nav ~ div.kc_tab{border-bottom: 5px solid rgba(255, 255, 255, 0);;}body.kc-css-system .kc-css-2870563 .kc_tabs_nav li.ui-tabs-active a,body.kc-css-system .kc-css-2870563.kc_vertical_tabs>.kc_wrapper>ul.ui-tabs-nav>li.ui-tabs-active > a{color: #ffffff;}body.kc-css-system .kc-css-2870563 .kc_tabs_nav > .ui-tabs-active:focus,body.kc-css-system .kc-css-2870563 .kc_tabs_nav > .ui-tabs-active,body.kc-css-system .kc-css-2870563 .kc_tabs_nav > .ui-tabs-active > a,body.kc-css-system .kc-css-2870563.kc_vertical_tabs>.kc_wrapper>ul.ui-tabs-nav>li.ui-tabs-active > a{background-color: rgba(255, 255, 255, 0);}body.kc-css-system .kc-css-2870563 .kc_tab{background-color: rgba(255, 255, 255, 0);}body.kc-css-system .kc-css-1947358{color: #ffffff;font-size: 18px;font-weight: 400;text-align: left;text-transform: none;;border-bottom: 5px solid transparent;}body.kc-css-system .kc-css-1270860 ,body.kc-css-system .kc-css-1270860 p{color: #fffcfc;font-size: 16px;font-weight: 400;}body.kc-css-system .kc-css-1170050{color: #ffffff;font-size: 18px;font-weight: 400;text-align: left;text-transform: none;;border-bottom: 5px solid transparent;}body.kc-css-system .kc-css-795284 ,body.kc-css-system .kc-css-795284 p{color: #fffcfc;font-size: 16px;font-weight: 400;}@media only screen and (max-width: 1024px){body.kc-css-system .kc-css-3637088{padding-right: 20px;padding-left: 20px;}body.kc-css-system .kc-css-2484316 ,body.kc-css-system .kc-css-2484316 p{font-size: 14px;}body.kc-css-system .kc-css-1839465{height: 100%;}}@media only screen and (max-width: 999px){body.kc-css-system .kc-css-2484316 ,body.kc-css-system .kc-css-2484316 p{font-size: 14px;}body.kc-css-system .kc-css-1839465{height: 100%;}}@media only screen and (max-width: 767px){body.kc-css-system .kc-css-2484316 ,body.kc-css-system .kc-css-2484316 p{font-size: 14px;}body.kc-css-system .kc-css-1839465{height: 100%;}}@media only screen and (max-width: 479px){body.kc-css-system .kc-css-2484316 ,body.kc-css-system .kc-css-2484316 p{font-size: 14px;}body.kc-css-system .kc-css-1839465{height: 100%;}}<\/style><section data-kc-equalheight=\"true\" data-kc-equalheight-align=\"middle\" data-kc-parallax=\"true\" class=\"kc-elm kc-css-3637088 kc_row\" style=\"background-image:url(&#039;https:\/\/sboverseas.org\/wp-content\/uploads\/2021\/08\/91513.jpg&#039;);\"><div class=\"kc-row-container  kc-container\"><div class=\"kc-wrap-columns\"><div class=\"kc-elm kc-css-4092402 kc_col-sm-7 kc-animated kc-animate-eff-fadeInLeft kc_column kc_col-sm-7\"><div class=\"kc-col-container\"><div class=\"kc-elm kc-css-2726419\"><div class=\"kc-elm kc-css-2484316 kc_text_block\"><p>Our educational program in the centers relays on supporting children in the community surrounding the center with the educational curriculum that children receives in Lebanese public schools, it also prepares dropout students with the same curriculum that includes English and French, mathematics, science and life skills that the student needs to develop his abilities and capabilities within the surrounding community. And give the them the ability to enroll in government schools or the ALP education program.<\/p>\n<p>We deliver programs for the education of children from the age of 4 years to the age of 14 years. It includes support for the government program and support for children who have dropped out of education.<\/p>\n<p>We are carrying out educational activities that help children develop all their mental and physical capabilities.<\/p>\n<\/div><\/div><\/div><\/div><div class=\"kc-elm kc-css-3039294 kc_col-sm-5 kc-animated kc-animate-eff-zoomIn kc_column kc_col-sm-5\"><div class=\"kc-col-container\">\n\t<div class=\"kc-elm kc-css-4334364 kc_shortcode kc_video_play kc_video_wrapper\" data-video=\"https:\/\/www.youtube.com\/watch?v=FWwhJQxRpbg&amp;feature=emb_title\" data-width=\"600\" data-height=\"338.98305084746\" data-fullwidth=\"\" data-autoplay=\"\" data-loop=\"yes\" data-control=\"yes\" data-related=\"\" data-showinfo=\"\" data-kc-video-mute=\"\">\n\t\t\t<\/div>\n\n<\/div><\/div><\/div><\/div><\/section><section id=\"sbespoir\" class=\"kc-elm kc-css-1839465 kc_row\"><div class=\"kc-row-container  kc-container\"><div class=\"kc-wrap-columns\"><div id=\"123\" class=\"kc-elm kc-css-3259137 kc_col-sm-8 kc_column kc_col-sm-8\"><div class=\"ourstorystyle kc-col-container\"><div data-open-on-mouseover=\"\" data-tab-active=\"1\" data-effect-option=\"yes\" class=\"kc-elm kc-css-2870563 kc-animated kc-animate-eff-fadeInLeft kc_tabs group\">\n\t<div class=\"kc_wrapper ui-tabs kc_clearfix\">\n\t\t<ul class=\"kc_tabs_nav ui-tabs-nav kc_clearfix\">\n\t\t\t<li><a href=\"#\" data-prevent=\"scroll\">Mission<\/a><\/li><li><a href=\"#\" data-prevent=\"scroll\">Vision<\/a><\/li>\t\t<\/ul>\n\t\t<div id=\"mission\" class=\"kc-elm kc-css-1947358 kc_tab ui-tabs-panel kc_ui-tabs-hide kc_clearfix \"><div class=\"kc_tab_content\"><div class=\"kc-elm kc-css-1270860 kc_text_block\"><ul>\n<li>Support out of school children aged between 4-14 yrs old to enhance their chance to be accepted in public school or accelerated learning program<\/li>\n<li>Empower youth and women to improve their skills and economic situation by teaching them academic and professional skills<\/li>\n<li>Psychological support for all beneficiaries by classroom activities, individual and group session<\/li>\n<\/ul>\n<\/div><\/div><\/div><div id=\"vision\" class=\"kc-elm kc-css-1170050 kc_tab ui-tabs-panel kc_ui-tabs-hide kc_clearfix \"><div class=\"kc_tab_content\"><div class=\"kc-elm kc-css-795284 kc_text_block\"><ul>\n<li>Educated generation striving for a successful future<\/li>\n<li>Independent pioneer women who know their rights<\/li>\n<li>A community with high mental health<\/li>\n<\/ul>\n<\/div><\/div><\/div>\t<\/div>\n<\/div>\n\n\n<\/div><\/div><div class=\"kc-elm kc-css-740905 kc_col-sm-4 kc_column kc_col-sm-4\"><div class=\"kc-col-container\"><\/div><\/div><\/div><\/div><\/section>","_et_gb_content_width":"","footnotes":""},"class_list":["post-1249","page","type-page","status-publish","hentry"],"yoast_head":"<!-- This site is optimized with the Yoast SEO plugin v25.2 - https:\/\/yoast.com\/wordpress\/plugins\/seo\/ -->\n<title>Education - SBO - D\u00e9veloppement Durable &amp; Aide Humanitaire<\/title>\n<meta name=\"robots\" content=\"index, follow, max-snippet:-1, max-image-preview:large, max-video-preview:-1\" \/>\n<link rel=\"canonical\" href=\"https:\/\/sboverseas.org\/fr\/what-we-do\/lebanon\/education\/\" \/>\n<meta property=\"og:locale\" content=\"fr_FR\" \/>\n<meta property=\"og:type\" content=\"article\" \/>\n<meta property=\"og:title\" content=\"Education - SBO - D\u00e9veloppement Durable &amp; Aide Humanitaire\" \/>\n<meta property=\"og:description\" content=\"Our educational program in the centers relays on supporting children in the community surrounding the center with the educational curriculum that children receives in Lebanese public schools, it also prepares dropout students with the same curriculum that includes English and French, mathematics, science and life skills that the student needs to develop his abilities and [&hellip;]\" \/>\n<meta property=\"og:url\" content=\"https:\/\/sboverseas.org\/fr\/what-we-do\/lebanon\/education\/\" \/>\n<meta property=\"og:site_name\" content=\"SBO - D\u00e9veloppement Durable &amp; Aide Humanitaire\" \/>\n<meta property=\"article:modified_time\" content=\"2023-05-30T13:46:20+00:00\" \/>\n<meta name=\"twitter:card\" content=\"summary_large_image\" \/>\n<meta name=\"twitter:label1\" content=\"Dur\u00e9e de lecture est.\" \/>\n\t<meta name=\"twitter:data1\" content=\"2 minutes\" \/>\n<script type=\"application\/ld+json\" class=\"yoast-schema-graph\">{\"@context\":\"https:\/\/schema.org\",\"@graph\":[{\"@type\":\"WebPage\",\"@id\":\"https:\/\/sboverseas.org\/fr\/what-we-do\/lebanon\/education\/\",\"url\":\"https:\/\/sboverseas.org\/fr\/what-we-do\/lebanon\/education\/\",\"name\":\"Education - SBO - D\u00e9veloppement Durable &amp; Aide Humanitaire\",\"isPartOf\":{\"@id\":\"https:\/\/sboverseas.org\/#website\"},\"datePublished\":\"2021-09-09T20:37:26+00:00\",\"dateModified\":\"2023-05-30T13:46:20+00:00\",\"breadcrumb\":{\"@id\":\"https:\/\/sboverseas.org\/fr\/what-we-do\/lebanon\/education\/#breadcrumb\"},\"inLanguage\":\"fr-BE\",\"potentialAction\":[{\"@type\":\"ReadAction\",\"target\":[\"https:\/\/sboverseas.org\/fr\/what-we-do\/lebanon\/education\/\"]}]},{\"@type\":\"BreadcrumbList\",\"@id\":\"https:\/\/sboverseas.org\/fr\/what-we-do\/lebanon\/education\/#breadcrumb\",\"itemListElement\":[{\"@type\":\"ListItem\",\"position\":1,\"name\":\"What we do\",\"item\":\"https:\/\/sboverseas.org\/fr\/what-we-do\/\"},{\"@type\":\"ListItem\",\"position\":2,\"name\":\"Lebanon\",\"item\":\"https:\/\/sboverseas.org\/fr\/what-we-do\/lebanon\/\"},{\"@type\":\"ListItem\",\"position\":3,\"name\":\"Education\"}]},{\"@type\":\"WebSite\",\"@id\":\"https:\/\/sboverseas.org\/#website\",\"url\":\"https:\/\/sboverseas.org\/\",\"name\":\"SBO - D\u00e9veloppement Durable &amp; Aide Humanitaire\",\"description\":\"Give Hope\",\"potentialAction\":[{\"@type\":\"SearchAction\",\"target\":{\"@type\":\"EntryPoint\",\"urlTemplate\":\"https:\/\/sboverseas.org\/?s={search_term_string}\"},\"query-input\":{\"@type\":\"PropertyValueSpecification\",\"valueRequired\":true,\"valueName\":\"search_term_string\"}}],\"inLanguage\":\"fr-BE\"}]}<\/script>\n<!-- \/ Yoast SEO plugin. -->","yoast_head_json":{"title":"Education - SBO - D\u00e9veloppement Durable &amp; Aide Humanitaire","robots":{"index":"index","follow":"follow","max-snippet":"max-snippet:-1","max-image-preview":"max-image-preview:large","max-video-preview":"max-video-preview:-1"},"canonical":"https:\/\/sboverseas.org\/fr\/what-we-do\/lebanon\/education\/","og_locale":"fr_FR","og_type":"article","og_title":"Education - SBO - D\u00e9veloppement Durable &amp; Aide Humanitaire","og_description":"Our educational program in the centers relays on supporting children in the community surrounding the center with the educational curriculum that children receives in Lebanese public schools, it also prepares dropout students with the same curriculum that includes English and French, mathematics, science and life skills that the student needs to develop his abilities and [&hellip;]","og_url":"https:\/\/sboverseas.org\/fr\/what-we-do\/lebanon\/education\/","og_site_name":"SBO - D\u00e9veloppement Durable &amp; Aide Humanitaire","article_modified_time":"2023-05-30T13:46:20+00:00","twitter_card":"summary_large_image","twitter_misc":{"Dur\u00e9e de lecture est.":"2 minutes"},"schema":{"@context":"https:\/\/schema.org","@graph":[{"@type":"WebPage","@id":"https:\/\/sboverseas.org\/fr\/what-we-do\/lebanon\/education\/","url":"https:\/\/sboverseas.org\/fr\/what-we-do\/lebanon\/education\/","name":"Education - SBO - D\u00e9veloppement Durable &amp; Aide Humanitaire","isPartOf":{"@id":"https:\/\/sboverseas.org\/#website"},"datePublished":"2021-09-09T20:37:26+00:00","dateModified":"2023-05-30T13:46:20+00:00","breadcrumb":{"@id":"https:\/\/sboverseas.org\/fr\/what-we-do\/lebanon\/education\/#breadcrumb"},"inLanguage":"fr-BE","potentialAction":[{"@type":"ReadAction","target":["https:\/\/sboverseas.org\/fr\/what-we-do\/lebanon\/education\/"]}]},{"@type":"BreadcrumbList","@id":"https:\/\/sboverseas.org\/fr\/what-we-do\/lebanon\/education\/#breadcrumb","itemListElement":[{"@type":"ListItem","position":1,"name":"What we do","item":"https:\/\/sboverseas.org\/fr\/what-we-do\/"},{"@type":"ListItem","position":2,"name":"Lebanon","item":"https:\/\/sboverseas.org\/fr\/what-we-do\/lebanon\/"},{"@type":"ListItem","position":3,"name":"Education"}]},{"@type":"WebSite","@id":"https:\/\/sboverseas.org\/#website","url":"https:\/\/sboverseas.org\/","name":"SBO - D\u00e9veloppement Durable &amp; Aide Humanitaire","description":"Give Hope","potentialAction":[{"@type":"SearchAction","target":{"@type":"EntryPoint","urlTemplate":"https:\/\/sboverseas.org\/?s={search_term_string}"},"query-input":{"@type":"PropertyValueSpecification","valueRequired":true,"valueName":"search_term_string"}}],"inLanguage":"fr-BE"}]}},"_links":{"self":[{"href":"https:\/\/sboverseas.org\/fr\/wp-json\/wp\/v2\/pages\/1249","targetHints":{"allow":["GET"]}}],"collection":[{"href":"https:\/\/sboverseas.org\/fr\/wp-json\/wp\/v2\/pages"}],"about":[{"href":"https:\/\/sboverseas.org\/fr\/wp-json\/wp\/v2\/types\/page"}],"author":[{"embeddable":true,"href":"https:\/\/sboverseas.org\/fr\/wp-json\/wp\/v2\/users\/162"}],"replies":[{"embeddable":true,"href":"https:\/\/sboverseas.org\/fr\/wp-json\/wp\/v2\/comments?post=1249"}],"version-history":[{"count":1,"href":"https:\/\/sboverseas.org\/fr\/wp-json\/wp\/v2\/pages\/1249\/revisions"}],"predecessor-version":[{"id":40779,"href":"https:\/\/sboverseas.org\/fr\/wp-json\/wp\/v2\/pages\/1249\/revisions\/40779"}],"up":[{"embeddable":true,"href":"https:\/\/sboverseas.org\/fr\/wp-json\/wp\/v2\/pages\/848"}],"wp:attachment":[{"href":"https:\/\/sboverseas.org\/fr\/wp-json\/wp\/v2\/media?parent=1249"}],"curies":[{"name":"wp","href":"https:\/\/api.w.org\/{rel}","templated":true}]}}